{"id":4151,"date":"2021-08-25T12:18:44","date_gmt":"2021-08-25T10:18:44","guid":{"rendered":"https:\/\/www.kaduk-bauelemente.de\/leistungen\/aussenjalousien-salzhausen\/"},"modified":"2021-08-25T12:18:44","modified_gmt":"2021-08-25T10:18:44","slug":"aussenjalousien-salzhausen","status":"publish","type":"page","link":"https:\/\/www.kaduk-bauelemente.de\/leistungen\/aussenjalousien-salzhausen\/","title":{"rendered":"Au\u00dfenjalousien &#8211; Salzhausen"},"content":{"rendered":"<h3>Au\u00dfenjalousien geben einfach ein gutes Gef\u00fchl<\/h3>\n<p>Au\u00dfenjalousien zeichnen sich durch sehr dicke und robuste Lamellen aus. Das stabile Material ist erforderlich, da Au\u00dfenjalousien st\u00e4rkeren Bedingungen durch Wind und Wetter ausgesetzt sind. F\u00fcr gew\u00f6hnlich sind Au\u00dfenjalousien schienen- oder seilgef\u00fchrt. Die Au\u00dfenjalousien werden meistens an der Fassade montiert. F\u00fcr die Installation bieten sich Blenden und Oberschienen an. Die Blenden haben den Nutzen, dass die Lamellen komplett eingezogen werden k\u00f6nnen. Mit exquisiten und fachgerecht installierten Au\u00dfenjalousien kann ein guter W\u00e4rmeschutz sichergestellt werden. Durch die Au\u00dfenmontage wird die Sonneneinstrahlung schon sehr schnell minimiert und kann nur teilweise ins Hausinnere eindringen. Gardinen oder vorgeh\u00e4ngte Rollos sind im Vergleich zu Au\u00dfenjalousien erkennbar weniger effektiv. Je nach Gr\u00f6\u00dfe und Form des Fensters sind zahlreiche Arten von Au\u00dfenjalousien erh\u00e4ltlich. Mit Vergn\u00fcgen informieren wir Sie \u00fcber die mannigfachen Gestaltungsm\u00f6glichkeiten, die sich Ihnen er\u00f6ffnen. <\/p>\n<h3>Au\u00dfenjalousien &#8211; wir beraten Sie gerne<\/h3>\n<p>Au\u00dfenjalousien erm\u00f6glichen einen perfekten Licht- und Blendschutz. Ganz losgel\u00f6st von Jahres- oder Tageszeit: Die auch unter dem Begriff Raffstores bekannten Au\u00dfenjalousien geben Ihnen die gute Option, immer die f\u00fcr Sie geeignete Helligkeit einzustellen. Auch wirken sich Jalousien ausgesprochen positiv auf den W\u00e4rmehaushalt aus: Durch Au\u00dfenjalousien l\u00e4sst sich der Gebrauch der Klimaanlage bereits erkennbar minimieren, ohne dass dabei auf wohlige K\u00fchle verzichtet werden muss.<\/p>\n","protected":false},"excerpt":{"rendered":"<p>Au\u00dfenjalousien geben einfach ein gutes Gef\u00fchl Au\u00dfenjalousien zeichnen sich durch sehr dicke und robuste Lamellen aus. Das stabile Material ist erforderlich, da Au\u00dfenjalousien st\u00e4rkeren Bedingungen durch Wind und Wetter ausgesetzt sind. F\u00fcr gew\u00f6hnlich sind Au\u00dfenjalousien schienen- oder seilgef\u00fchrt. Die Au\u00dfenjalousien werden meistens an der Fassade montiert. F\u00fcr die Installation bieten sich Blenden und Oberschienen an. [&hellip;]<\/p>\n","protected":false},"author":1,"featured_media":0,"parent":0,"menu_order":0,"comment_status":"closed","ping_status":"closed","template":"","meta":{"footnotes":""},"class_list":["post-4151","page","type-page","status-publish","hentry"],"meta_box":{"popseo_subtitel":"Wir sind Ihr Partner f\u00fcr Au\u00dfenjalousien im Raum Salzhausen","popseo_subtitel2":"Au\u00dfenjalousien - attraktiv und hochwertig","popseo_lasttitel":"Au\u00dfenjalousien: Unsere Experten beantworten Ihre Fragen","popseo_region":"Salzhausen","popseo_sachwort":"Au\u00dfenjalousien","popseo_noupdate":"","popseo_einleitungstext":"<p>Wenn es um Sicherheit und Sonnenschutz geht, sind Sie bei der Firma Dirk Kaduk Bauelemte genau an der richtigen Adresse. Seit unserer Gr\u00fcndung sind wir Ihr lokaler Fachbetrieb f\u00fcr qualitativ hochwertige Bauelemente. Zu unserem Produktangebot z\u00e4hlen zum Beispiel Markisen, Terrassend\u00e4cher, Rolltore, T\u00fcren, Au\u00dfenjalousien, Fenster, Carports und Rolll\u00e4den. Unsere Fachleute erledigen Reparatur- und Montagearbeiten und zeigen Ihnen, wie Sie Ihre Wohn- oder Gesch\u00e4ftsgeb\u00e4ude mit modernen Bauelementen ausr\u00fcsten k\u00f6nnen. Nachfolgend haben wir erste Informationen f\u00fcr Sie notiert.<\/p>","popseo_schlusstext":"<p>Sie suchen einen Fachpartner f\u00fcr moderne Sonnenschutz- und Sicherheitsl\u00f6sungen. Dann kontaktieren Sie uns bitte schnell. Wir freuen uns auf das Gespr\u00e4ch mit Ihnen. Wenn es um Bauelemente geht, sind wir Ihr qualifizierter Handels- und Handwerkspartner. Wir stehen f\u00fcr hochwertige Produkte und eine fachm\u00e4nnisch ausgef\u00fchrte Arbeit nach dem stets neuesten Stand der Technik.<\/p>","popseo_stadttext":"<h3>Zu Ihren Diensten in Salzhausen<\/h3>\n<p>Sie kommen aus Salzhausen und sind hier im World Wide Web auf unsere Homepage gesto\u00dfen? Das finden wir klasse. Gerne pr\u00e4sentieren wir Ihnen unser gesamtes Leistungsspektrum und beantworten Ihre Fragen. Durch unsere Gesch\u00e4ftst\u00e4tigkeit haben wir uns einen ausgezeichneten \u00dcberblick \u00fcber die Architektur der Gemeinden und St\u00e4dte unseres Einzugsbereiches erarbeiten k\u00f6nnen. Selbstverst\u00e4ndlich z\u00e4hlt auch Salhausen zu unserem unmittelbaren Vertriebsgebiet. Wir freuen uns darauf, mit Ihnen ins Gespr\u00e4ch zu treten. <\/p>\n<h3>Leben und Arbeiten in Salzhausen<\/h3>\n<p>Zirka 5.000 Menschen wohnen in Salzhausen auf einem Gebiet von 34 qkm. Der besonders als Wohnstatt gefragte Ort gilt als echte Pendlerstadt. Von Salzhausen f\u00e4hrt man ins dicht gelegene Hamburg in lediglich 35 Minuten. Das lokale Mittelzentrum L\u00fcneburg ist lediglich 20 Kilometer entfernt. Salzhausen ist Teil der Metropolregion Hamburg und geh\u00f6rt organisatorisch zum Kreis Harburg.<\/p>\n<p>Der beschauliche kleine Ort ist Amtssitz der Samtgemeinde Salzhausen, einer Vereinigung von acht Mitgliedsgemeinden und 13 kleineren Ortschaften. Die Samtgemeinde Salzhausen z\u00e4hlt insgesamt etwa 14.000 B\u00fcrger und streckt sich \u00fcber ein Areal von zirka 148 km\u00b2. Einige der bekanntesten Ortschaften sind Eyendorf, Garlsdorf, G\u00f6denstorf, Garstedt, Luhm\u00fchlen und Toppenstedt. Salzhausen wie auch die \u00fcbrigen Ortschaften der Samtgemeinde sind besonders familiengeeignete Wohnst\u00e4tten. Salzhausen gef\u00e4llt durch eine sehr d\u00f6rfliche Anmutung. Viele Naherholungsgebiete und landwirtschaftlich genutzte Fl\u00e4chen laden zum M\u00fc\u00dfiggang ein.<\/p>\n<h4>Unsere Leistung f\u00fcr qualit\u00e4tsbewusste Kunden aus Salzhausen<\/h4>\n<p>Das Leben in Salzhausen, Eyendorf, Garlsdorf, G\u00f6denstorf, Garstedt, Toppenstedt und Luhm\u00fchlen ist beschaulich. Alle Orte der Samtgemeinde Salzhausen verf\u00fcgen \u00fcber idyllische Wohngebiete, die vor allem von einer ansprechenden Einzelhausbebauung gepr\u00e4gt sind. Sie interessieren sich f\u00fcr unser Angebot und haben deshalb unsere Website besucht? Das freut uns sehr. Unser engagiertes Team nimmt gerne Ihren Anruf entgegen oder beantwortet Ihre E-Mail.<\/p>","popseo_zusatztext":"<h3>Kaduk Bauelemente \u2013 Ihr Fachbetrieb f\u00fcr Sicht- und Sonnenschutz<\/h3>\n<p>Setzen Sie in Sachen Sicherheit und Sonnenschutz auf jeden Fall auf die sachspezifische Leistung vom Fachbetrieb. Nur ein Fachbetrieb wei\u00df von den M\u00f6glichkeiten, wie man zu einem fachgerechten Ergebnis kommt. Um sich mit Fug und Recht Fachbetrieb nennen zu d\u00fcrfen, bedarf es einer qualifizierten Ausbildung der Mitarbeiter und einer jahrelangen Erfahrung.  <\/p>\n<p>Unsere Unternehmung empfiehlt sich als Ihr kompetenter Fachbetrieb f\u00fcr Sicherheit und Sonnenschutz. Erreichen Sie Ihr Ziel und schenken Sie unserem Fachbetrieb Ihr Vertrauen. Wir bieten Ihnen z.B. hochqualitative Markisen und Rolll\u00e4den und legen besonders Wert auf einen perfekten Service. Schon seit vielen Jahren sind wir erfahrener Fachbetrieb f\u00fcr Terrassend\u00e4cher, Au\u00dfenjalousien, Rolll\u00e4den im Raum L\u00fcneburg. Es ist uns wichtig, dass Sie lange viel Freude an Ihrem Sicht und Sonnenschutz haben. Von einem Fachbetrieb d\u00fcrfen Sie selbstverst\u00e4ndlich eine fehlerfreie Top-Leistung erwarten.<\/p>\n<h3>Sicht- und Sonnenschutz\u2013 ein Thema f\u00fcr den Fachbetrieb<\/h3>\n<p>Als Fachbetrieb darf sich eine Firma bezeichnen, deren Angestellte \u00fcber nachweisbare Qualifikationen verf\u00fcgen. Dies ist z.B. eine entsprechende Ausbildung oder ein Meisterbrief. Au\u00dferdem zeichnet eine langj\u00e4hrige praktische Erfahrung einen Fachbetrieb aus. Bereits seit vielen Jahren konzentrieren wir uns als spezialisiertes Unternehmen auf Sicherheit und Sonnenschutz von Wohn- und Gesch\u00e4ftsh\u00e4usern. In diesen vielen Jahren haben wir uns die Bezeichnung Fachbetrieb ganz bestimmt erarbeitet. Wir verarbeiten lediglich qualitativ beste Artikel. Dabei achten wir immer auf ein faires Preis-Leistungsverh\u00e4ltnis. Unser Versprechen als Fachbetrieb: Wir bieten Ihnen 1a-Qualit\u00e4t zu einem fairen Preis.<\/p>","popseo_links":"<a href=\"https:\/\/www.kaduk-bauelemente.de\/leistungen\/rolllaeden-schwarzenbek\/\">Rolll\u00e4den Schwarzenbek<\/a>, <a href=\"https:\/\/www.kaduk-bauelemente.de\/leistungen\/zaunbau-hanstedt\/\">Zaunbau Hanstedt<\/a>, <a href=\"https:\/\/www.kaduk-bauelemente.de\/leistungen\/terrassenueberdachungen-aus-holz-lueneburg\/\">Terrassen\u00fcberdachungen aus Holz L\u00fcneburg<\/a>, <a href=\"https:\/\/www.kaduk-bauelemente.de\/leistungen\/holzfenster-harburg\/\">Holzfenster Harburg<\/a>, <a href=\"https:\/\/www.kaduk-bauelemente.de\/leistungen\/holzfenster-reppenstedt\/\">Holzfenster Reppenstedt<\/a>, <a href=\"https:\/\/www.kaduk-bauelemente.de\/leistungen\/zaunbau-bergedorf-wentorf\/\">Zaunbau Bergedorf Wentorf<\/a>, <a href=\"https:\/\/www.kaduk-bauelemente.de\/leistungen\/holzfenster-lueneburg\/\">Holzfenster L\u00fcneburg<\/a>, <a href=\"https:\/\/www.kaduk-bauelemente.de\/leistungen\/raffstores-stelle\/\">Raffstores Stelle<\/a>, <a href=\"https:\/\/www.kaduk-bauelemente.de\/leistungen\/haustueren-buchholz\/\">Haust\u00fcren Buchholz<\/a>, <a href=\"https:\/\/www.kaduk-bauelemente.de\/leistungen\/sektionaltore-adendorf\/\">Sektionaltore Adendorf<\/a>, <a href=\"https:\/\/www.kaduk-bauelemente.de\/leistungen\/kunststofffenster-herzogtum-lauenburg\/\">Kunststofffenster Herzogtum Lauenburg<\/a>, <a href=\"https:\/\/www.kaduk-bauelemente.de\/leistungen\/terrassenueberdachungen-aus-holz-bad-bevensen\/\">Terrassen\u00fcberdachungen aus Holz Bad Bevensen<\/a>, <a href=\"https:\/\/www.kaduk-bauelemente.de\/leistungen\/haustueren-bergedorf-wentorf\/\">Haust\u00fcren Bergedorf Wentorf<\/a>, <a href=\"https:\/\/www.kaduk-bauelemente.de\/leistungen\/rolltore-lueneburg\/\">Rolltore L\u00fcneburg<\/a>, <a href=\"https:\/\/www.kaduk-bauelemente.de\/leistungen\/kunststofffenster-boizenburg\/\">Kunststofffenster Boizenburg<\/a>, <a href=\"https:\/\/www.kaduk-bauelemente.de\/leistungen\/garagen-maschen\/\">Garagen Maschen<\/a>, <a href=\"https:\/\/www.kaduk-bauelemente.de\/leistungen\/zaeune-uelzen\/\">Z\u00e4une Uelzen<\/a>, <a href=\"https:\/\/www.kaduk-bauelemente.de\/leistungen\/holzfenster-bad-bevensen\/\">Holzfenster Bad Bevensen<\/a>, <a href=\"https:\/\/www.kaduk-bauelemente.de\/leistungen\/garagen-harburg\/\">Garagen Harburg<\/a>, <a href=\"https:\/\/www.kaduk-bauelemente.de\/leistungen\/kunststofffenster-lueneburg\/\">Kunststofffenster L\u00fcneburg<\/a>, <a href=\"https:\/\/www.kaduk-bauelemente.de\/leistungen\/kunststofffenster-hanstedt\/\">Kunststofffenster Hanstedt<\/a>, <a href=\"https:\/\/www.kaduk-bauelemente.de\/leistungen\/insektenschutz-amelinghausen\/\">Insektenschutz Amelinghausen<\/a>, <a href=\"https:\/\/www.kaduk-bauelemente.de\/leistungen\/holzfenster-schwarzenbek\/\">Holzfenster Schwarzenbek<\/a>, <a href=\"https:\/\/www.kaduk-bauelemente.de\/leistungen\/garagentore-geesthacht\/\">Garagentore Geesthacht<\/a>, <a href=\"https:\/\/www.kaduk-bauelemente.de\/leistungen\/terrassendaecher-aus-aluminium-bergedorf-wentorf\/\">Terrassend\u00e4cher aus Aluminium Bergedorf Wentorf<\/a>, <a href=\"https:\/\/www.kaduk-bauelemente.de\/leistungen\/rollladen-schwarzenbek\/\">Rollladen Schwarzenbek<\/a>"},"_links":{"self":[{"href":"https:\/\/www.kaduk-bauelemente.de\/leistungen\/wp-json\/wp\/v2\/pages\/4151","targetHints":{"allow":["GET"]}}],"collection":[{"href":"https:\/\/www.kaduk-bauelemente.de\/leistungen\/wp-json\/wp\/v2\/pages"}],"about":[{"href":"https:\/\/www.kaduk-bauelemente.de\/leistungen\/wp-json\/wp\/v2\/types\/page"}],"author":[{"embeddable":true,"href":"https:\/\/www.kaduk-bauelemente.de\/leistungen\/wp-json\/wp\/v2\/users\/1"}],"replies":[{"embeddable":true,"href":"https:\/\/www.kaduk-bauelemente.de\/leistungen\/wp-json\/wp\/v2\/comments?post=4151"}],"version-history":[{"count":0,"href":"https:\/\/www.kaduk-bauelemente.de\/leistungen\/wp-json\/wp\/v2\/pages\/4151\/revisions"}],"wp:attachment":[{"href":"https:\/\/www.kaduk-bauelemente.de\/leistungen\/wp-json\/wp\/v2\/media?parent=4151"}],"curies":[{"name":"wp","href":"https:\/\/api.w.org\/{rel}","templated":true}]}}