{"id":4149,"date":"2021-08-25T12:18:44","date_gmt":"2021-08-25T10:18:44","guid":{"rendered":"https:\/\/www.kaduk-bauelemente.de\/leistungen\/aussenjalousien-reinbek-glinde\/"},"modified":"2021-08-25T12:18:44","modified_gmt":"2021-08-25T10:18:44","slug":"aussenjalousien-reinbek-glinde","status":"publish","type":"page","link":"https:\/\/www.kaduk-bauelemente.de\/leistungen\/aussenjalousien-reinbek-glinde\/","title":{"rendered":"Au\u00dfenjalousien &#8211; Reinbek Glinde"},"content":{"rendered":"<h3>Sch\u00f6ne Au\u00dfenjalousien unterstreichen die Optik Ihrer Immobilie<\/h3>\n<p>Au\u00dfenjalousien zeichnen sich durch extrem dicke und widerstandsf\u00e4hige Lamellen aus. Das hochwertige Material ist von N\u00f6ten, da Au\u00dfenjalousien kr\u00e4ftigen Bedingungen durch Witterungseinfl\u00fcsse ausgesetzt sind. Meistens sind Au\u00dfenjalousien schienen- oder seilgef\u00fchrt. Die Au\u00dfenjalousien werden meistens an der Au\u00dfenwand verd\u00fcbelt. F\u00fcr die Montage bieten sich Blenden und Schienen an. Die Blenden haben den Vorteil, dass die Lamellen vollst\u00e4ndig eingefahren werden k\u00f6nnen. Mit hochwertigen und fachm\u00e4nnisch verbauten Au\u00dfenjalousien kann ein sehr guter W\u00e4rmeschutz sichergestellt werden. Durch die Anbringung an der Au\u00dfenseitenbringung wird die Sonneneinstrahlung schon zu einem fr\u00fchen Zeitpunkt verringert und kann nur zu einem geringen Teil ins Hausinnere gelangen. Gardinen oder Sichtschutzrollos sind im Gegensatz zu Au\u00dfenjalousien deutlich weniger effizient. Je nach Ma\u00df und Form des Fensters sind etliche Varianten von Au\u00dfenjalousien lieferbar. Gern beraten wir Sie \u00fcber die vielen Gestaltungsm\u00f6glichkeiten, die sich Ihnen bieten. <\/p>\n<h3>Au\u00dfenjalousien &#8211; wir beraten Sie gerne<\/h3>\n<p>Au\u00dfenjalousien erm\u00f6glichen einen optimalen Licht- und Blendschutz. Ganz unabh\u00e4ngig von Tages- oder Jahreszeit: Die auch unter dem Terminus Raffstores bekannten Au\u00dfenjalousien geben Ihnen die willkommende M\u00f6glichkeit, fortan die f\u00fcr Sie richtige Helligkeit sicherzustellen. Auch wirken sich Jalousien positiv auf den Stromverbrauch aus: Durch Au\u00dfenjalousien l\u00e4sst sich die Verwendung der Klimaanlage bereits erkennbar reduzieren, ohne dass im gleichen Atemzug auf behagliche W\u00e4rme oder K\u00fchle verzichtet werden muss.<\/p>\n","protected":false},"excerpt":{"rendered":"<p>Sch\u00f6ne Au\u00dfenjalousien unterstreichen die Optik Ihrer Immobilie Au\u00dfenjalousien zeichnen sich durch extrem dicke und widerstandsf\u00e4hige Lamellen aus. Das hochwertige Material ist von N\u00f6ten, da Au\u00dfenjalousien kr\u00e4ftigen Bedingungen durch Witterungseinfl\u00fcsse ausgesetzt sind. Meistens sind Au\u00dfenjalousien schienen- oder seilgef\u00fchrt. Die Au\u00dfenjalousien werden meistens an der Au\u00dfenwand verd\u00fcbelt. F\u00fcr die Montage bieten sich Blenden und Schienen an. Die [&hellip;]<\/p>\n","protected":false},"author":1,"featured_media":0,"parent":0,"menu_order":0,"comment_status":"closed","ping_status":"closed","template":"","meta":{"footnotes":""},"class_list":["post-4149","page","type-page","status-publish","hentry"],"meta_box":{"popseo_subtitel":"Wir sind Ihr Experte f\u00fcr Au\u00dfenjalousien in Reinbek Glinde","popseo_subtitel2":"Au\u00dfenjalousien - wir haben die richtige L\u00f6sung f\u00fcr Sie","popseo_lasttitel":"Au\u00dfenjalousien: F\u00fcr weitere Informationen sprechen Sie uns bitte an","popseo_region":"Reinbek Glinde","popseo_sachwort":"Au\u00dfenjalousien","popseo_noupdate":"","popseo_einleitungstext":"<p>Wenn es um Sicherheit und Sonnenschutz geht, sind Sie bei der Firma Kaduk exakt an der richtigen Adresse. Seit Firmengr\u00fcndung sind wir Ihre lokalen Experten f\u00fcr hochwertige Bauelemente. Zu unserem Produktsortiment z\u00e4hlen beispielsweise Rolltore, Terrassend\u00e4cher, Markisen, T\u00fcren, Fenster, Au\u00dfenjalousien, Carports und Rolll\u00e4den. Wir \u00fcbernehmen Montage- und Reparaturarbeiten und zeigen Ihnen Wege auf, wie Sie Ihre Immobilie mit zeitgem\u00e4\u00dfen Bauelementen ausr\u00fcsten k\u00f6nnen. Nachfolgend haben wir erste Informationen f\u00fcr Sie zusammengestellt.<\/p>","popseo_schlusstext":"<p>Sie ben\u00f6tigen einen Experten f\u00fcr hochwertige Sicherheits- und Sonnenschutzl\u00f6sungen. Dann melden Sie sich am besten noch heute bei uns. Wir freuen uns auf das Gespr\u00e4ch mit Ihnen. Wenn es um Bauelemente geht, sind wir Ihr kompetenter Handels- und Handwerkspartner. Wir sorgen f\u00fcr hochwertige Produkte und eine fachm\u00e4nnisch ausgef\u00fchrte Arbeit nach dem stets derzeitigen Stand der Technik.<\/p>","popseo_stadttext":"<h3>Die St\u00e4dte Reinbek und Glinde<\/h3>\n<p>Wir betreuen Kunden aus dem Raum Reinbek und Glinde. Durch unsere Vertriebst\u00e4tigkeit haben wir uns einen ausgezeichneten \u00dcberblick \u00fcber die Stadtarchitektur der Gemeinden und St\u00e4dte unseres Einzugsbereiches machen k\u00f6nnen. Nat\u00fcrlich geh\u00f6rt auch Reinbek zu unserem unmittelbaren Vertriebsgebiet. Wir freuen uns darauf, mit Ihnen ins Gespr\u00e4ch zu treten. <\/p>\n<h3>Einige Informationen zu den St\u00e4dten Reinbek und Glinde<\/h3>\n<p>Die schleswig-holsteinische Stadt Reinbek geh\u00f6rt zum Landkreis Stormarn. Zurzeit z\u00e4hlt Reinbek knapp 26.000 Menschen. Die Gemeinde Reinbek erstreckt sich \u00fcber eine Fl\u00e4che von in etwa 31 Quadratkilometer. Reinbek geh\u00f6rt zur Metropolregion Hamburg und liegt circa 20 Kilometer \u00f6stlich der Hansestadt. Reinbek verf\u00fcgt mit der S21 \u00fcber einen HVV-Anschluss. Der kurze Fahrweg von nicht mehr als 25 Minuten macht Reinbek ausdr\u00fccklich interessant f\u00fcr Arbeitnehmer, die nach Hamburg pendeln m\u00fcssen. Wer seinen Arbeitgeber in Gro\u00dfstadt Hamburg hat, genie\u00dft in Reinbek das Beste aus zwei Welten: Das Treiben der Metropole findet in der beschaulichen Wohnumgebung von Reinbek seinen Gegenpol. <\/p>\n<p>Glinde ist eine Stadt im S\u00fcden des n\u00f6rdlichsten Bundeslandes, im Bereich der Metropolregion Hamburg, \u00fcber 20 Kilometer s\u00fcd\u00f6stlich vom Hamburger Stadtkern entfernt. Aufgrund der ausgebauten Infrastruktur hat sich Glinde zu einem optimalen Wohnort entwickelt, obwohl inzwischen weit \u00fcber die H\u00e4lfte der Stadtfl\u00e4che von Glinde aus Park- oder Wasserfl\u00e4chen besteht oder landwirtschaftlich genutzt wird. Rund 33 Prozent der Gesamtfl\u00e4che stehen in Glinde f\u00fcr Wohnzwecke bereit.  <\/p>\n<h3>Reinbek und Glinde haben Charme!<\/h3>\n<p>Die Immobilienstruktur Reinbeks besteht \u00fcberwiegend aus sehr vielen Einfamilienh\u00e4usern, die ihren Besitzern einen hohen Lebensstandard erm\u00f6glichen. Reinbek zeichnet sich neben der guten Lebensqualit\u00e4t aber auch durch seine gro\u00dfe wirtschaftliche Produktivit\u00e4t aus. Neben einer guten Anbindung \u00fcber den HVV, bietet Reinbek auch f\u00fcr den Autofahrer gute Bedingungen: Die Autobahnen A24 und A1 sowie die Bundesstra\u00dfe B5 befinden sich nur unweit von Reinbek. Auf der Landstra\u00dfe kommt man \u00fcber Neusch\u00f6nningstedt nach Reinbek. <\/p>\n<h4>Unsere Leistung f\u00fcr qualit\u00e4tsbewusste Kunden aus Reinbek und Glinde<\/h4>\n<p>Prima, dass Sie uns hier auf dieser Website entdeckt haben. Wenn Sie ein Fachunternehmen ben\u00f6tigen, sind Sie bei uns an der richtigen Adresse. Sie m\u00f6chten mehr \u00fcber uns erfahren? F\u00fcr R\u00fcckfragen stehen wir Ihnen jederzeit zur Verf\u00fcgung. Auf den Kontakt zu Ihnen freuen wir uns.<\/p>","popseo_zusatztext":"<h3>Kaduk Bauelemente ist Ihr Fachbetrieb f\u00fcr Sonnen- und Sichtschutz<\/h3>\n<p>Vertrauen Sie in Sachen Sonnenschutz und Sicherheit auf alle F\u00e4lle auf die fachliche Leistung vom Fachbetrieb. Nur ein Fachbetrieb kennt die Alternativen, wie man zu einem \u00fcberzeugenden Ergebnis kommt. Um sich mit Fug und Recht Fachbetrieb nennen zu d\u00fcrfen, braucht es eine anerkannte Ausbildung der Mitarbeiter und eine jahrelange Berufserfahrung.  <\/p>\n<p>Unser Unternehmen empfiehlt sich als Ihr sachkundiger Fachbetrieb f\u00fcr Sonnenschutz und Sicherheit. Erreichen Sie Ihr Ziel und schenken Sie unserem Fachbetrieb Ihr Vertrauen. Wir bieten Ihnen u.a. hochqualitative Rolll\u00e4den und Markisen und legen h\u00f6chsten Wert auf einen 1a- Service. Schon seit vielen Jahren sind wir spezialisierter Fachbetrieb f\u00fcr Markisen, Terrassend\u00e4cher, Rolll\u00e4den und Au\u00dfenjalousien im Raum L\u00fcneburg. Es ist uns ein Anliegen, dass Sie viele Jahre viel Freude an Ihrem Sicht und Sonnenschutz haben. Von einem Fachbetrieb d\u00fcrfen Sie selbstverst\u00e4ndlich eine fehlerfreie Top-Leistung erwarten.<\/p>\n<h3>Ein Fachbetrieb wei\u00df Rat!<\/h3>\n<p>Als Fachbetrieb darf sich eine Unternehmung bezeichnen, deren Mitarbeiter \u00fcber nachweisbare Qualifikationen verf\u00fcgen. Dies ist beispielsweise eine entsprechende Berufsausbildung oder ein Meisterbrief. Au\u00dferdem zeichnet eine intensive praktische Erfahrung einen Fachbetrieb aus. Schon seit vielen Jahren konzentrieren wir uns als spezialisiertes Unternehmen auf Sonnenschutz und Sicherheit von Wohn- und Gesch\u00e4ftsh\u00e4usern. In diesen langen Jahren haben wir uns die Bezeichnung Fachbetrieb sicherlich verdient. Wir verwenden ausnahmslos hochwertige Produkte. Hierbei achten wir immer auf ein perfektes Preis-Leistungsverh\u00e4ltnis. Unser Selbstverst\u00e4ndnis als Fachbetrieb: Wir bieten Ihnen 1a-Qualit\u00e4t zu einem konkurrenzlosem Preis.<\/p>","popseo_links":"<a href=\"https:\/\/www.kaduk-bauelemente.de\/leistungen\/garagen-amelinghausen\/\">Garagen Amelinghausen<\/a>, <a href=\"https:\/\/www.kaduk-bauelemente.de\/leistungen\/terrassendaecher-aus-holz-reinbek-glinde\/\">Terrassend\u00e4cher aus Holz Reinbek Glinde<\/a>, <a href=\"https:\/\/www.kaduk-bauelemente.de\/leistungen\/haustueren-uelzen\/\">Haust\u00fcren Uelzen<\/a>, <a href=\"https:\/\/www.kaduk-bauelemente.de\/leistungen\/rolllaeden-geesthacht\/\">Rolll\u00e4den Geesthacht<\/a>, <a href=\"https:\/\/www.kaduk-bauelemente.de\/leistungen\/rolllaeden-schwarzenbek\/\">Rolll\u00e4den Schwarzenbek<\/a>, <a href=\"https:\/\/www.kaduk-bauelemente.de\/leistungen\/insektenschutz-reinbek-glinde\/\">Insektenschutz Reinbek Glinde<\/a>, <a href=\"https:\/\/www.kaduk-bauelemente.de\/leistungen\/fliegengitter-salzhausen\/\">Fliegengitter Salzhausen<\/a>, <a href=\"https:\/\/www.kaduk-bauelemente.de\/leistungen\/zaeune-reinbek-glinde\/\">Z\u00e4une Reinbek Glinde<\/a>, <a href=\"https:\/\/www.kaduk-bauelemente.de\/leistungen\/holzfenster-buechen\/\">Holzfenster B\u00fcchen<\/a>, <a href=\"https:\/\/www.kaduk-bauelemente.de\/leistungen\/sektionaltore-bardowick\/\">Sektionaltore Bardowick<\/a>, <a href=\"https:\/\/www.kaduk-bauelemente.de\/leistungen\/zaunbau-salzhausen\/\">Zaunbau Salzhausen<\/a>, <a href=\"https:\/\/www.kaduk-bauelemente.de\/leistungen\/haustueren-adendorf\/\">Haust\u00fcren Adendorf<\/a>, <a href=\"https:\/\/www.kaduk-bauelemente.de\/leistungen\/tueren-bergedorf-wentorf\/\">T\u00fcren Bergedorf Wentorf<\/a>, <a href=\"https:\/\/www.kaduk-bauelemente.de\/leistungen\/carports-maschen\/\">Carports Maschen<\/a>, <a href=\"https:\/\/www.kaduk-bauelemente.de\/leistungen\/carports-geesthacht\/\">Carports Geesthacht<\/a>, <a href=\"https:\/\/www.kaduk-bauelemente.de\/leistungen\/rollladen-reppenstedt\/\">Rollladen Reppenstedt<\/a>, <a href=\"https:\/\/www.kaduk-bauelemente.de\/leistungen\/garagen-reinbek-glinde\/\">Garagen Reinbek Glinde<\/a>, <a href=\"https:\/\/www.kaduk-bauelemente.de\/leistungen\/sektionaltore-reinbek-glinde\/\">Sektionaltore Reinbek Glinde<\/a>, <a href=\"https:\/\/www.kaduk-bauelemente.de\/leistungen\/markisen-schwarzenbek\/\">Markisen Schwarzenbek<\/a>, <a href=\"https:\/\/www.kaduk-bauelemente.de\/leistungen\/zaeune-herzogtum-lauenburg\/\">Z\u00e4une Herzogtum Lauenburg<\/a>, <a href=\"https:\/\/www.kaduk-bauelemente.de\/leistungen\/rolltore-amelinghausen\/\">Rolltore Amelinghausen<\/a>, <a href=\"https:\/\/www.kaduk-bauelemente.de\/leistungen\/zaunbau-hanstedt\/\">Zaunbau Hanstedt<\/a>, <a href=\"https:\/\/www.kaduk-bauelemente.de\/leistungen\/sektionaltore-tostedt-sittensen\/\">Sektionaltore Tostedt Sittensen<\/a>, <a href=\"https:\/\/www.kaduk-bauelemente.de\/leistungen\/zaeune-stelle\/\">Z\u00e4une Stelle<\/a>, <a href=\"https:\/\/www.kaduk-bauelemente.de\/leistungen\/terrassendaecher-aus-aluminium-buechen\/\">Terrassend\u00e4cher aus Aluminium B\u00fcchen<\/a>, <a href=\"https:\/\/www.kaduk-bauelemente.de\/leistungen\/fenster-maschen\/\">Fenster Maschen<\/a>"},"_links":{"self":[{"href":"https:\/\/www.kaduk-bauelemente.de\/leistungen\/wp-json\/wp\/v2\/pages\/4149","targetHints":{"allow":["GET"]}}],"collection":[{"href":"https:\/\/www.kaduk-bauelemente.de\/leistungen\/wp-json\/wp\/v2\/pages"}],"about":[{"href":"https:\/\/www.kaduk-bauelemente.de\/leistungen\/wp-json\/wp\/v2\/types\/page"}],"author":[{"embeddable":true,"href":"https:\/\/www.kaduk-bauelemente.de\/leistungen\/wp-json\/wp\/v2\/users\/1"}],"replies":[{"embeddable":true,"href":"https:\/\/www.kaduk-bauelemente.de\/leistungen\/wp-json\/wp\/v2\/comments?post=4149"}],"version-history":[{"count":0,"href":"https:\/\/www.kaduk-bauelemente.de\/leistungen\/wp-json\/wp\/v2\/pages\/4149\/revisions"}],"wp:attachment":[{"href":"https:\/\/www.kaduk-bauelemente.de\/leistungen\/wp-json\/wp\/v2\/media?parent=4149"}],"curies":[{"name":"wp","href":"https:\/\/api.w.org\/{rel}","templated":true}]}}