{"id":4146,"date":"2021-08-25T12:18:44","date_gmt":"2021-08-25T10:18:44","guid":{"rendered":"https:\/\/www.kaduk-bauelemente.de\/leistungen\/aussenjalousien-jesteburg\/"},"modified":"2021-08-25T12:18:44","modified_gmt":"2021-08-25T10:18:44","slug":"aussenjalousien-jesteburg","status":"publish","type":"page","link":"https:\/\/www.kaduk-bauelemente.de\/leistungen\/aussenjalousien-jesteburg\/","title":{"rendered":"Au\u00dfenjalousien &#8211; Jesteburg"},"content":{"rendered":"<h3>Au\u00dfenjalousien geben einfach ein gutes Gef\u00fchl<\/h3>\n<p>Au\u00dfenjalousien zeichnen sich durch besonders dicke und widerstandsf\u00e4hige Lamellen aus. Das hochwertige Material ist erforderlich, da Au\u00dfenjalousien intensiven Belastungen durch Wind und Wetter ausgesetzt sind. Meistens sind Au\u00dfenjalousien seil- und schienengef\u00fchrt. Die Au\u00dfenjalousien werden im Allgemeinen an der Fassade angebracht. F\u00fcr die Montage bieten sich Blenden und Schienen an. Die Blenden haben die Eigenschaft, dass die Lamellen vollst\u00e4ndig eingezogen werden k\u00f6nnen. Mit exquisiten und fachm\u00e4nnisch montierten Au\u00dfenjalousien kann ein hoher W\u00e4rmeschutz erreicht werden. Durch die Anbringung an der Au\u00dfenseitenbringung wird die Einstrahlung der Sonne schon sehr schnell verringert und kann nur teilweise ins Haus eindringen. Vorh\u00e4nge oder Rollos sind im Gegensatz zu Au\u00dfenjalousien sp\u00fcrbar weniger effektiv. Je nach Ma\u00df und Form des Fensters sind diverse Varianten von Au\u00dfenjalousien lieferbar. Gern informieren wir Sie \u00fcber die mannigfachen Alternativen, die sich Ihnen er\u00f6ffnen. <\/p>\n<h3>Wir beantworten Ihre Fragen zu Au\u00dfenjalousien<\/h3>\n<p>Au\u00dfenjalousien erm\u00f6glichen einen perfekten Blend- und Lichtschutz. V\u00f6llig losgel\u00f6st von Jahres- oder Tageszeit: Die auch unter dem Fachbegriff Raffstores bekannten Au\u00dfenjalousien geben Ihnen die sch\u00f6ne M\u00f6glichkeit, stets die f\u00fcr Sie richtige Helligkeit sicherzustellen. Auch wirken sich Jalousien gut auf den W\u00e4rmehaushalt aus: Durch Au\u00dfenjalousien l\u00e4sst sich die Verwendung der Klimaanlage durchaus erkennbar verringern, ohne dass im gleichen Atemzug auf gew\u00fcnschte W\u00e4rme oder K\u00fchle verzichtet werden muss.<\/p>\n","protected":false},"excerpt":{"rendered":"<p>Au\u00dfenjalousien geben einfach ein gutes Gef\u00fchl Au\u00dfenjalousien zeichnen sich durch besonders dicke und widerstandsf\u00e4hige Lamellen aus. Das hochwertige Material ist erforderlich, da Au\u00dfenjalousien intensiven Belastungen durch Wind und Wetter ausgesetzt sind. Meistens sind Au\u00dfenjalousien seil- und schienengef\u00fchrt. Die Au\u00dfenjalousien werden im Allgemeinen an der Fassade angebracht. F\u00fcr die Montage bieten sich Blenden und Schienen an. [&hellip;]<\/p>\n","protected":false},"author":1,"featured_media":0,"parent":0,"menu_order":0,"comment_status":"closed","ping_status":"closed","template":"","meta":{"footnotes":""},"class_list":["post-4146","page","type-page","status-publish","hentry"],"meta_box":{"popseo_subtitel":"Kaduk Bauelemente ist Ihr Fachanbieter f\u00fcr Au\u00dfenjalousien im Raum Jesteburg","popseo_subtitel2":"Au\u00dfenjalousien - hohe Qualit\u00e4t, perfekte Beratung","popseo_lasttitel":"Au\u00dfenjalousien: Sie haben Fragen? Dann melden Sie sich bei uns","popseo_region":"Jesteburg","popseo_sachwort":"Au\u00dfenjalousien","popseo_noupdate":"","popseo_einleitungstext":"<p>Wenn es um Sonnenschutz und Sicherheit geht, sind Sie bei der Firma Dirk Kaduk Bauelemte exakt an der richtigen Adresse. Seit unserer Gr\u00fcndung sind wir Ihr lokaler Fachbetrieb f\u00fcr hochwertige Bauelemente. Zu unserem Produktangebot geh\u00f6ren zum Beispiel Markisen, Terrassend\u00e4cher, Rolltore, Fenster, Au\u00dfenjalousien, T\u00fcren, Carports und Rolll\u00e4den. Wir erledigen Reparatur- und Montagearbeiten und zeigen Ihnen, wie Sie Ihre Immobilie mit zeitgem\u00e4\u00dfen Bauelementen ausr\u00fcsten k\u00f6nnen. Im Folgenden haben wir einige erste Informationen f\u00fcr Sie zusammengetragen.<\/p>","popseo_schlusstext":"<p>Sie ben\u00f6tigen einen Experten f\u00fcr hochwertige Sicherheits- und Sonnenschutzl\u00f6sungen. Dann rufen Sie uns bitte rasch an. Wir freuen uns auf Ihren Anruf oder Ihre E-Mail. Wenn es um Bauelemente geht, sind wir Ihr kompetenter Handels- und Handwerkspartner. Wir sorgen f\u00fcr hochwertige Produkte und eine fachgerecht durchgef\u00fchrte Arbeit nach dem stets neuesten Stand der Technik.<\/p>","popseo_stadttext":"<h3>Unser Leistungskatalog f\u00fcr Kunden aus Jesteburg<\/h3>\n<p>Durch unsere Gesch\u00e4ftst\u00e4tigkeit haben wir uns einen guten \u00dcberblick \u00fcber die Architektur der Gemeinden und St\u00e4dte unseres Einzugsbereiches machen k\u00f6nnen. Selbstverst\u00e4ndlich z\u00e4hlt auch Jesteburg zu unserem unmittelbaren Wirkungskreis. Wir freuen uns darauf, mit Ihnen ins Gespr\u00e4ch zu kommen. <\/p>\n<h3>Wissenswertes \u00fcber Jesteburg<\/h3>\n<p>Jesteburg liegt im Norden von Niedersachsen und ist in etwa 30 Kilometer von von der Metropole Hamburg entfernt. Auf einer Fl\u00e4che von ca. 28 km\u00b2 wohnen gut 8.000 Anwohner. <\/p>\n<p>Verwaltungstechnisch z\u00e4hlt Jesteburg zum Kreis Harburg. lediglich zehn Kilometer von Jesteburg entfernt liegt die L\u00fcneburger Heide, ein immer wieder faszinierender Naturpark. Jesteburg hat zusammen vier Ortsteile: Itzenb\u00fcttel, Reindorfer Osterberg, L\u00fcllau und Wiedenhof. Berufspendler bewerten an Jesteburg insbesondere die attraktive Lage positiv. Wer seinen Arbeitsplatz z.B. in der Freien und Hansestadt Hamburg hat, genie\u00dft sowohl die N\u00e4he zur Gro\u00dfstadt als auch das beschauliche Leben im \"Speckg\u00fcrtel\". Jesteburg ist ganz unbestritten ein sch\u00f6ner Ort zum Wohnen. \u00dcberregional bekannt ist Jesteburg durch die j\u00e4hrlich stattfindende Kunstwoche Jesteburg. An die 60 K\u00fcnstler stellen auf dem angesehenen Kunstevent ihre Arbeiten aus. In der Kunstst\u00e4tte Bossard werden au\u00dferdem Kunstwerke aus den Genres Architektur, Bildhauerei und Malerei pr\u00e4sentiert. <\/p>\n<h4>Hohe Qualit\u00e4t f\u00fcr Kunden aus Jesteburg<\/h4>\n<p>Sie interessieren sich f\u00fcr unser Leistungsprogramm und sind hier im Internet auf unsere Homepage gesto\u00dfen? Dar\u00fcber freuen wir uns sehr. Gerne pr\u00e4sentieren wir Ihnen unser komplettes Leistungsspektrum und beantworten Ihre Fragen. Auf Ihre Anfragen freuen wir uns.<\/p>","popseo_zusatztext":"<h3>G\u00fcnstig und preiswert \u2013 unser Leistung f\u00fcr Sie<\/h3>\n<p>Bauelemente m\u00fcssen h\u00f6chsten Anforderungen standhalten. Gleichzeitig mu\u00df es g\u00fcnstig und preiswert sein. Das muss durchaus kein Widerspruch sein. <\/p>\n<p>Als Fachunternehmen f\u00fcr Sonnenschutz- und Sicherheitssysteme verarbeiten wir ausnahmslos ausgezeichnete Produkte. Nichtsdestotrotz schauen wir immer auf ein angemessenes Preis-Leistungsverh\u00e4ltnis. Wir m\u00f6chten Ihnen Spitzenqualit\u00e4t anbieten, die trotzdem auch g\u00fcnstig und preiswert ist. Verleihen Sie Ihrem Heim g\u00fcnstig und preiswert das besondere Mehr an Qualit\u00e4t. Markisen und Rolll\u00e4den oder andere Sonnenschutzl\u00f6sungen sehen nicht nur schmuck aus, sie leisten auch einen wichtigen Beitrag zur W\u00e4rmed\u00e4mmung.  <\/p>\n<h3>G\u00fcnstig und preiswert \u2013 trotzdem individuell und schick<\/h3>\n<p>D\u00fcrfen wir Sie beraten, wie Sie g\u00fcnstig und preiswert einen perfekten Sonnenschutz f\u00fcr Ihr Heim verwirklichen? Toll, dann z\u00f6gern Sie bitte nicht und nehmen am besten gleich heute noch Verbindung mit uns auf. Ein kurzer Telefonanruf oder eine kurze Mail gen\u00fcgen. Gerne informieren Sie unsere gut ausgebildeten Spezialisten \u00fcber die diversen Optionen, wie Sie Ihr Heim g\u00fcnstig und preiswert mit Rolll\u00e4den und Markisen oder anderen Sonnenschutzprodukten versehen. Wir freuen uns auf das Gespr\u00e4ch mit Ihnen. <\/p>\n<h4>G\u00fcnstig und preiswert \u2013 manchmal macht auch der Preis den Unterschied<\/h4>\n<p>Setzen Sie beim Thema Sonnenschutz und Sicherheit auf den Spezialisten. Nur ein Spezialbetrieb kennt die verschiedenen Optionen, wie Sie g\u00fcnstig und preiswert, trotzdem qualitativ h\u00f6herwertig einen optimalen Sonnenschutz erreichen. Qualit\u00e4tsbewusst, g\u00fcnstig und preiswert: Wir empfehlen uns als spezialisiertes Unternehmen im n\u00f6rdlichen Raum. Unsere langj\u00e4hrige Erfahrung zeichnet uns aus.<\/p>","popseo_links":"<a href=\"https:\/\/www.kaduk-bauelemente.de\/leistungen\/terrassendaecher-aus-aluminium-bardowick\/\">Terrassend\u00e4cher aus Aluminium Bardowick<\/a>, <a href=\"https:\/\/www.kaduk-bauelemente.de\/leistungen\/terrassenueberdachungen-aus-holz-reinbek-glinde\/\">Terrassen\u00fcberdachungen aus Holz Reinbek Glinde<\/a>, <a href=\"https:\/\/www.kaduk-bauelemente.de\/leistungen\/fenster-bispingen\/\">Fenster Bispingen<\/a>, <a href=\"https:\/\/www.kaduk-bauelemente.de\/leistungen\/garagen-bardowick\/\">Garagen Bardowick<\/a>, <a href=\"https:\/\/www.kaduk-bauelemente.de\/leistungen\/sektionaltore-amt-neuhaus\/\">Sektionaltore Amt Neuhaus<\/a>, <a href=\"https:\/\/www.kaduk-bauelemente.de\/leistungen\/garagen-boizenburg\/\">Garagen Boizenburg<\/a>, <a href=\"https:\/\/www.kaduk-bauelemente.de\/leistungen\/holzfenster-bienenbuettel\/\">Holzfenster Bienenb\u00fcttel<\/a>, <a href=\"https:\/\/www.kaduk-bauelemente.de\/leistungen\/terrassenueberdachungen-aus-holz-tostedt-sittensen\/\">Terrassen\u00fcberdachungen aus Holz Tostedt Sittensen<\/a>, <a href=\"https:\/\/www.kaduk-bauelemente.de\/leistungen\/sektionaltore-jesteburg\/\">Sektionaltore Jesteburg<\/a>, <a href=\"https:\/\/www.kaduk-bauelemente.de\/leistungen\/tueren-bienenbuettel\/\">T\u00fcren Bienenb\u00fcttel<\/a>, <a href=\"https:\/\/www.kaduk-bauelemente.de\/leistungen\/rolllaeden-reinbek-glinde\/\">Rolll\u00e4den Reinbek Glinde<\/a>, <a href=\"https:\/\/www.kaduk-bauelemente.de\/leistungen\/garagentore-reinbek-glinde\/\">Garagentore Reinbek Glinde<\/a>, <a href=\"https:\/\/www.kaduk-bauelemente.de\/leistungen\/fliegengitter-amelinghausen\/\">Fliegengitter Amelinghausen<\/a>, <a href=\"https:\/\/www.kaduk-bauelemente.de\/leistungen\/haustueren-jesteburg\/\">Haust\u00fcren Jesteburg<\/a>, <a href=\"https:\/\/www.kaduk-bauelemente.de\/leistungen\/terrassenueberdachungen-aus-holz-schwarzenbek\/\">Terrassen\u00fcberdachungen aus Holz Schwarzenbek<\/a>, <a href=\"https:\/\/www.kaduk-bauelemente.de\/leistungen\/terrassendaecher-aus-aluminium-ebstorf\/\">Terrassend\u00e4cher aus Aluminium Ebstorf<\/a>, <a href=\"https:\/\/www.kaduk-bauelemente.de\/leistungen\/zaunbau-buchholz\/\">Zaunbau Buchholz<\/a>, <a href=\"https:\/\/www.kaduk-bauelemente.de\/leistungen\/carports-bergedorf-wentorf\/\">Carports Bergedorf Wentorf<\/a>, <a href=\"https:\/\/www.kaduk-bauelemente.de\/leistungen\/markisen-reppenstedt\/\">Markisen Reppenstedt<\/a>, <a href=\"https:\/\/www.kaduk-bauelemente.de\/leistungen\/rolltore-harburg\/\">Rolltore Harburg<\/a>, <a href=\"https:\/\/www.kaduk-bauelemente.de\/leistungen\/terrassendaecher-aus-aluminium-amt-neuhaus\/\">Terrassend\u00e4cher aus Aluminium Amt Neuhaus<\/a>, <a href=\"https:\/\/www.kaduk-bauelemente.de\/leistungen\/fenster-adendorf\/\">Fenster Adendorf<\/a>, <a href=\"https:\/\/www.kaduk-bauelemente.de\/leistungen\/garagentore-schwarzenbek\/\">Garagentore Schwarzenbek<\/a>, <a href=\"https:\/\/www.kaduk-bauelemente.de\/leistungen\/kunststofffenster-uelzen\/\">Kunststofffenster Uelzen<\/a>, <a href=\"https:\/\/www.kaduk-bauelemente.de\/leistungen\/terrassenueberdachungen-aus-aluminium-bad-bevensen\/\">Terrassen\u00fcberdachungen aus Aluminium Bad Bevensen<\/a>, <a href=\"https:\/\/www.kaduk-bauelemente.de\/leistungen\/terrassendaecher-aus-holz-harburg\/\">Terrassend\u00e4cher aus Holz Harburg<\/a>"},"_links":{"self":[{"href":"https:\/\/www.kaduk-bauelemente.de\/leistungen\/wp-json\/wp\/v2\/pages\/4146","targetHints":{"allow":["GET"]}}],"collection":[{"href":"https:\/\/www.kaduk-bauelemente.de\/leistungen\/wp-json\/wp\/v2\/pages"}],"about":[{"href":"https:\/\/www.kaduk-bauelemente.de\/leistungen\/wp-json\/wp\/v2\/types\/page"}],"author":[{"embeddable":true,"href":"https:\/\/www.kaduk-bauelemente.de\/leistungen\/wp-json\/wp\/v2\/users\/1"}],"replies":[{"embeddable":true,"href":"https:\/\/www.kaduk-bauelemente.de\/leistungen\/wp-json\/wp\/v2\/comments?post=4146"}],"version-history":[{"count":0,"href":"https:\/\/www.kaduk-bauelemente.de\/leistungen\/wp-json\/wp\/v2\/pages\/4146\/revisions"}],"wp:attachment":[{"href":"https:\/\/www.kaduk-bauelemente.de\/leistungen\/wp-json\/wp\/v2\/media?parent=4146"}],"curies":[{"name":"wp","href":"https:\/\/api.w.org\/{rel}","templated":true}]}}