{"id":4143,"date":"2021-08-25T12:18:44","date_gmt":"2021-08-25T10:18:44","guid":{"rendered":"https:\/\/www.kaduk-bauelemente.de\/leistungen\/aussenjalousien-hanstedt\/"},"modified":"2021-08-25T12:18:44","modified_gmt":"2021-08-25T10:18:44","slug":"aussenjalousien-hanstedt","status":"publish","type":"page","link":"https:\/\/www.kaduk-bauelemente.de\/leistungen\/aussenjalousien-hanstedt\/","title":{"rendered":"Au\u00dfenjalousien &#8211; Hanstedt"},"content":{"rendered":"<h3>Au\u00dfenjalousien unterstreichen das Erscheinungsbild Ihres Wohnhauses<\/h3>\n<p>Au\u00dfenjalousien zeichnen sich durch extrem dicke und belastbare Lamellen aus. Das stabile Material ist wichtig, da Au\u00dfenjalousien intensiven Kr\u00e4ften durch wetterbedingte Einfl\u00fcsse ausgesetzt sind. Meistens sind Au\u00dfenjalousien seil- und schienengef\u00fchrt. Die Au\u00dfenjalousien werden im Allgemeinen an der Fassade verd\u00fcbelt. F\u00fcr die Montage bieten sich Blenden und Oberschienen an. Die Blenden haben die Eigenschaft, dass die Lamellen komplett eingefahren werden k\u00f6nnen. Mit qualitativ guten und korrekt installierten Au\u00dfenjalousien kann ein sehr guter W\u00e4rmeschutz garantiert werden. Durch die Installation an der Au\u00dfenseite wird die Sonneneinstrahlung bereits sehr schnell minimiert und kann nur zu einem geringen Teil ins Haus eindringen. Gardinen oder Sichtschutzrollos sind im Vergleich zu Au\u00dfenjalousien deutlich weniger wirksam. Je nach Gr\u00f6\u00dfe und Form des Fensters sind unterschiedliche Varianten von Au\u00dfenjalousien erh\u00e4ltlich. Mit Vergn\u00fcgen informieren wir Sie \u00fcber die vielf\u00e4ltigen Alternativen, die sich Ihnen er\u00f6ffnen. <\/p>\n<h3>Unser Kundenservice informiert Sie \u00fcber Au\u00dfenjalousien<\/h3>\n<p>Au\u00dfenjalousien erm\u00f6glichen einen optimalen Licht- und Blendschutz. Ganz unabh\u00e4ngig von Jahres- oder Tageszeit: Die auch unter dem Fachbegriff Raffstores bekannten Au\u00dfenjalousien geben Ihnen die angenehmene Gelegenheit, fortan die f\u00fcr Sie richtige Helligkeit einzustellen. Auch wirken sich Jalousien gut auf den W\u00e4rmehaushalt aus: Durch Au\u00dfenjalousien l\u00e4sst sich die Verwendung der Klimaanlage durchaus erheblich verringern, ohne dass dabei auf wohlige K\u00fchle verzichtet werden muss.<\/p>\n","protected":false},"excerpt":{"rendered":"<p>Au\u00dfenjalousien unterstreichen das Erscheinungsbild Ihres Wohnhauses Au\u00dfenjalousien zeichnen sich durch extrem dicke und belastbare Lamellen aus. Das stabile Material ist wichtig, da Au\u00dfenjalousien intensiven Kr\u00e4ften durch wetterbedingte Einfl\u00fcsse ausgesetzt sind. Meistens sind Au\u00dfenjalousien seil- und schienengef\u00fchrt. Die Au\u00dfenjalousien werden im Allgemeinen an der Fassade verd\u00fcbelt. F\u00fcr die Montage bieten sich Blenden und Oberschienen an. Die [&hellip;]<\/p>\n","protected":false},"author":1,"featured_media":0,"parent":0,"menu_order":0,"comment_status":"closed","ping_status":"closed","template":"","meta":{"footnotes":""},"class_list":["post-4143","page","type-page","status-publish","hentry"],"meta_box":{"popseo_subtitel":"Wir sind Ihr Experte f\u00fcr Au\u00dfenjalousien in Hanstedt","popseo_subtitel2":"Au\u00dfenjalousien - die Beratung \u00fcbernimmt der Fachbetrieb","popseo_lasttitel":"Au\u00dfenjalousien: F\u00fcr weitere Informationen sprechen Sie uns bitte an","popseo_region":"Hanstedt","popseo_sachwort":"Au\u00dfenjalousien","popseo_noupdate":"","popseo_einleitungstext":"<p>Sehr gerne informieren wir Sie n\u00e4her \u00fcber unsere Produkte und unser Aufgabengebiet. Wir nennen Ihnen mit Vergn\u00fcgen auch ein paar Referenzen, die Ihnen einen Einblick in unsere T\u00e4tigkeit geben.<br \/>\nSetzen Sie auf die Expertise eines erfahrenen Fachbetriebes. Rufen Sie uns doch einfach einmal an oder schreiben Sie uns eine kurze E-Mail. Wir freuen uns auf den Kontakt zu Ihnen.<\/p>","popseo_schlusstext":"<p>Auf Wunsch informieren wir Sie n\u00e4her \u00fcber unsere Produkte und unser Aufgabengebiet. Wir zeigen Ihnen mit Vergn\u00fcgen auch einige Referenzen, die Ihnen einen Einblick in unsere Arbeit geben.<br \/>\nVertrauen Sie den Spezialisten der Firma Kaduk. Rufen Sie uns doch einfach einmal an oder schicken Sie uns eine schnelle E-Mail. Wir freuen uns auf Sie.<\/p>","popseo_stadttext":"<h3>Unser Produktsortiment f\u00fcr Kunden aus Hanstedt (Harburg)<\/h3>\n<p>Sie kommen aus Hanstedt (Harburg) und sind hier im World Wide Web auf unsere Homepage gesto\u00dfen? Das finden wir klasse. Gerne pr\u00e4sentieren wir Ihnen unser gesamtes Leistungsspektrum und beantworten Ihre Fragen. Durch unsere Vertriebst\u00e4tigkeit haben wir uns einen sehr guten \u00dcberblick \u00fcber die Architektur der Gemeinden und St\u00e4dte unseres Einzugsbereiches machen k\u00f6nnen. Nat\u00fcrlich geh\u00f6rt auch Hanstedt (Harburg) unserem unmittelbaren Gesch\u00e4ftsgebiet. Wir freuen uns darauf, mit Ihnen in Kontakt zu kommen. <\/p>\n<h3>Lebensmittelpunkt Hanstedt (Harburg)<\/h3>\n<p>Etwa 5.800 Einwohner z\u00e4hlt Hanstedt (Harburg). Das Gemeindegebiet umfasst ein Gesamtareal von etwa 59 km\u00b2. Die Wirtschaft von Hanstedt nutznie\u00dft von der verkehrstechnisch sehr guten Lage in der L\u00fcneburger Heide. Speziell f\u00fcr den Mittelstand zeigt sich die Zentralit\u00e4t des Ortes als Motor. Wirtschaftlich betrachtet wird Hanstedt vor allem durch kleine und mittelst\u00e4ndische Betriebe aus den Bereichen Handwerk und Dienstleistung gepr\u00e4gt. Diese Wirtschaftszweign sind erkennbar prominent vertreten. Des Weiteren wurde der Fremdenverkehr zu einem wichtigen Element der \u00f6rtlichen Wirtschaft. Erholungssuchende finden in Hanstedt (Harburg) zahlreiche M\u00f6glichkeiten zum Wandern und f\u00fcr Fahrradtouren. Besonders die weiten Heidefl\u00e4chen des Naturschutzgebietes L\u00fcneburger Heide sowie die Hanstedter Berge ziehen zahlose Tagesbesucher und Touristen in die Region. <\/p>\n<p>Hanstedt (Harburg) ist ein familiengerechter Ort. Die Gemeinde verf\u00fcgt \u00fcber eine sehr gute Infrastruktur. Organisatorisch geh\u00f6rt Hanstedt zum Kreis Harburg.<\/p>\n<h4>Hohe Qualit\u00e4t f\u00fcr Kunden aus Hanstedt (Harburg)<\/h4>\n<p>Das Leben in Hanstedt (Harburg) ist beschaulich. Die Gemeinde verf\u00fcgt \u00fcber zahlreiche idyllische Wohnviertel, die insbesondere von einer ansprechenden Einzelhausbebauung gepr\u00e4gt sind. Sie interessieren sich f\u00fcr unser Leistungsangebot und haben deshalb unsere Website besucht? Dar\u00fcber freuen wir uns sehr. Unser engagiertes Team nimmt gerne Ihren Anruf entgegen oder beantwortet Ihre E-Mail.<\/p>","popseo_zusatztext":"<h3>G\u00fcnstig und preiswert ohne Abstriche bei der Qualit\u00e4t<\/h3>\n<p>Bauelemente m\u00fcssen gehobenen Anforderungen gerecht werden. Trotzdem darf es g\u00fcnstig und preiswert sein. Das muss durchaus kein Gegensatz sein. <\/p>\n<p>Als Fachunternehmen f\u00fcr Sonnenschutz und Sicherheit verwenden wir ausnahmslos ausgezeichnete Produkte. Gleichwohl schauen wir stets auf ein gutes Preis-Leistungsverh\u00e4ltnis. Wir m\u00f6chten Ihnen Spitzenqualit\u00e4t anbieten, die trotzdem auch g\u00fcnstig und preiswert ist. Verleihen Sie Ihrem Zuhause g\u00fcnstig und preiswert das besondere Mehr an Qualit\u00e4t. Markisen und Rolll\u00e4den oder andere Sonnenschutzl\u00f6sungen sehen nicht nur schmuck aus, sie leisten auch einen wichtigen Anteil zur W\u00e4rmed\u00e4mmung.  <\/p>\n<h3>G\u00fcnstig und preiswert \u2013 trotzdem individuell und schick<\/h3>\n<p>D\u00fcrfen wir Sie beraten, wie Sie g\u00fcnstig und preiswert einen optimalen Sonnenschutz f\u00fcr Ihr Heim verwirklichen? Prima, dann warten Sie bitte nicht und nehmen am besten gleich heute noch Verbindung mit uns auf. Ein kurzer Anruf oder eine schnelle E-Mail gen\u00fcgen. Gerne beraten Sie unsere perfekt geschulten Experten \u00fcber die verschiedenen M\u00f6glichkeiten, wie Sie Ihr Haus g\u00fcnstig und preiswert mit Markisen und Rolll\u00e4den oder anderen Sonnenschutzprodukten ausstatten. Wir freuen uns auf den Austausch mit Ihnen. <\/p>\n<h4>Hochwertige Arbeit g\u00fcnstig und preiswert<\/h4>\n<p>Z\u00e4hlen Sie beim Thema Sonnenschutz und Sicherheit auf den Spezialisten. Nur ein Fachbetrieb kennt die verschiedenen Optionen, wie Sie g\u00fcnstig und preiswert, gleichzeitig qualitativ hochwertig einen optimalen Sonnenschutz verwirklichen. Qualit\u00e4tsbewusst, g\u00fcnstig und preiswert: Wir empfehlen uns als spezialisiertes Unternehmen im norddeutschen Raum. Unsere jahrelange Erfahrung zeichnet uns aus.<\/p>","popseo_links":"<a href=\"https:\/\/www.kaduk-bauelemente.de\/leistungen\/zaunbau-seevetal-rosengarten\/\">Zaunbau Seevetal Rosengarten<\/a>, <a href=\"https:\/\/www.kaduk-bauelemente.de\/leistungen\/fliegengitter-seevetal-rosengarten\/\">Fliegengitter Seevetal Rosengarten<\/a>, <a href=\"https:\/\/www.kaduk-bauelemente.de\/leistungen\/terrassendaecher-aus-aluminium-lueneburg\/\">Terrassend\u00e4cher aus Aluminium L\u00fcneburg<\/a>, <a href=\"https:\/\/www.kaduk-bauelemente.de\/leistungen\/rollladen-tostedt-sittensen\/\">Rollladen Tostedt Sittensen<\/a>, <a href=\"https:\/\/www.kaduk-bauelemente.de\/leistungen\/fenster-boizenburg\/\">Fenster Boizenburg<\/a>, <a href=\"https:\/\/www.kaduk-bauelemente.de\/leistungen\/rolllaeden-amt-neuhaus\/\">Rolll\u00e4den Amt Neuhaus<\/a>, <a href=\"https:\/\/www.kaduk-bauelemente.de\/leistungen\/kunststofffenster-tostedt-sittensen\/\">Kunststofffenster Tostedt Sittensen<\/a>, <a href=\"https:\/\/www.kaduk-bauelemente.de\/leistungen\/rollladen-boizenburg\/\">Rollladen Boizenburg<\/a>, <a href=\"https:\/\/www.kaduk-bauelemente.de\/leistungen\/terrassenueberdachungen-aus-aluminium-bergedorf-wentorf\/\">Terrassen\u00fcberdachungen aus Aluminium Bergedorf Wentorf<\/a>, <a href=\"https:\/\/www.kaduk-bauelemente.de\/leistungen\/fenster-geesthacht\/\">Fenster Geesthacht<\/a>, <a href=\"https:\/\/www.kaduk-bauelemente.de\/leistungen\/fenster-uelzen\/\">Fenster Uelzen<\/a>, <a href=\"https:\/\/www.kaduk-bauelemente.de\/leistungen\/kunststofffenster-bienenbuettel\/\">Kunststofffenster Bienenb\u00fcttel<\/a>, <a href=\"https:\/\/www.kaduk-bauelemente.de\/leistungen\/terrassenueberdachungen-aus-holz-bienenbuettel\/\">Terrassen\u00fcberdachungen aus Holz Bienenb\u00fcttel<\/a>, <a href=\"https:\/\/www.kaduk-bauelemente.de\/leistungen\/rolllaeden-reinbek-glinde\/\">Rolll\u00e4den Reinbek Glinde<\/a>, <a href=\"https:\/\/www.kaduk-bauelemente.de\/leistungen\/terrassendaecher-aus-holz-adendorf\/\">Terrassend\u00e4cher aus Holz Adendorf<\/a>, <a href=\"https:\/\/www.kaduk-bauelemente.de\/leistungen\/holzfenster-reinbek-glinde\/\">Holzfenster Reinbek Glinde<\/a>, <a href=\"https:\/\/www.kaduk-bauelemente.de\/leistungen\/raffstores-harburg\/\">Raffstores Harburg<\/a>, <a href=\"https:\/\/www.kaduk-bauelemente.de\/leistungen\/terrassenueberdachungen-aus-aluminium-herzogtum-lauenburg\/\">Terrassen\u00fcberdachungen aus Aluminium Herzogtum Lauenburg<\/a>, <a href=\"https:\/\/www.kaduk-bauelemente.de\/leistungen\/rollladen-maschen\/\">Rollladen Maschen<\/a>, <a href=\"https:\/\/www.kaduk-bauelemente.de\/leistungen\/zaeune-salzhausen\/\">Z\u00e4une Salzhausen<\/a>, <a href=\"https:\/\/www.kaduk-bauelemente.de\/leistungen\/rolltore-amelinghausen\/\">Rolltore Amelinghausen<\/a>, <a href=\"https:\/\/www.kaduk-bauelemente.de\/leistungen\/garagen-amt-neuhaus\/\">Garagen Amt Neuhaus<\/a>, <a href=\"https:\/\/www.kaduk-bauelemente.de\/leistungen\/terrassendaecher-aus-holz-bardowick\/\">Terrassend\u00e4cher aus Holz Bardowick<\/a>, <a href=\"https:\/\/www.kaduk-bauelemente.de\/leistungen\/kunststofffenster-bad-bevensen\/\">Kunststofffenster Bad Bevensen<\/a>, <a href=\"https:\/\/www.kaduk-bauelemente.de\/leistungen\/garagentore-bispingen\/\">Garagentore Bispingen<\/a>, <a href=\"https:\/\/www.kaduk-bauelemente.de\/leistungen\/zaeune-lueneburg\/\">Z\u00e4une L\u00fcneburg<\/a>"},"_links":{"self":[{"href":"https:\/\/www.kaduk-bauelemente.de\/leistungen\/wp-json\/wp\/v2\/pages\/4143","targetHints":{"allow":["GET"]}}],"collection":[{"href":"https:\/\/www.kaduk-bauelemente.de\/leistungen\/wp-json\/wp\/v2\/pages"}],"about":[{"href":"https:\/\/www.kaduk-bauelemente.de\/leistungen\/wp-json\/wp\/v2\/types\/page"}],"author":[{"embeddable":true,"href":"https:\/\/www.kaduk-bauelemente.de\/leistungen\/wp-json\/wp\/v2\/users\/1"}],"replies":[{"embeddable":true,"href":"https:\/\/www.kaduk-bauelemente.de\/leistungen\/wp-json\/wp\/v2\/comments?post=4143"}],"version-history":[{"count":0,"href":"https:\/\/www.kaduk-bauelemente.de\/leistungen\/wp-json\/wp\/v2\/pages\/4143\/revisions"}],"wp:attachment":[{"href":"https:\/\/www.kaduk-bauelemente.de\/leistungen\/wp-json\/wp\/v2\/media?parent=4143"}],"curies":[{"name":"wp","href":"https:\/\/api.w.org\/{rel}","templated":true}]}}