{"id":4135,"date":"2021-08-25T12:18:44","date_gmt":"2021-08-25T10:18:44","guid":{"rendered":"https:\/\/www.kaduk-bauelemente.de\/leistungen\/aussenjalousien-bergedorf-wentorf\/"},"modified":"2021-08-25T12:18:44","modified_gmt":"2021-08-25T10:18:44","slug":"aussenjalousien-bergedorf-wentorf","status":"publish","type":"page","link":"https:\/\/www.kaduk-bauelemente.de\/leistungen\/aussenjalousien-bergedorf-wentorf\/","title":{"rendered":"Au\u00dfenjalousien &#8211; Bergedorf Wentorf"},"content":{"rendered":"<h3>Sch\u00f6ne Au\u00dfenjalousien unterstreichen die Optik Ihrer Immobilie<\/h3>\n<p>Au\u00dfenjalousien zeichnen sich durch besonders dicke und kr\u00e4ftige Lamellen aus. Das stabile Material ist wichtig, da Au\u00dfenjalousien st\u00e4rkeren Kr\u00e4ften durch wetterbedingte Einfl\u00fcsse ausgesetzt sind. Normalerweise sind Au\u00dfenjalousien seil- und schienengef\u00fchrt. Die Au\u00dfenjalousien werden normalerweise an der Fassade angebracht. F\u00fcr die Montage bieten sich Blenden und Oberschienen an. Die Blenden haben den Vorteil, dass die Lamellen vollst\u00e4ndig eingezogen werden k\u00f6nnen. Mit sehr guten und fachm\u00e4nnisch montierten Au\u00dfenjalousien kann ein hoher W\u00e4rmeschutz sichergestellt werden. Durch die Anbringung an der Au\u00dfenseitenbringung wird die Sonneneinstrahlung schon fr\u00fchzeitig verringert und kann nur zum Teil ins Hausinnere dringen. Gardinen oder Rollos sind verglichen mit Au\u00dfenjalousien erheblich weniger wirksam. Je nach Gr\u00f6\u00dfe und Form des Fensters sind diverse Arten von Au\u00dfenjalousien lieferbar. Gern beraten wir Sie \u00fcber die vielen Alternativen, die sich Ihnen bieten. <\/p>\n<h3>Wir beantworten Ihre Fragen zu Au\u00dfenjalousien<\/h3>\n<p>Au\u00dfenjalousien erm\u00f6glichen einen idealen Licht- und Blendschutz. V\u00f6llig unabh\u00e4ngig von Jahres- oder Tageszeit: Die auch unter dem Fachbegriff Raffstores bekannten Au\u00dfenjalousien geben Ihnen die angenehmene M\u00f6glichkeit, stets die f\u00fcr Sie optimale Helligkeit einzustellen. Auch wirken sich Jalousien positiv auf den Energieverbrauch aus: Durch Au\u00dfenjalousien l\u00e4sst sich die Verwendung der Klimaanlage bereits erheblich verringern, ohne dass in der Folge auf behagliche W\u00e4rme oder K\u00fchle verzichtet werden muss.<\/p>\n","protected":false},"excerpt":{"rendered":"<p>Sch\u00f6ne Au\u00dfenjalousien unterstreichen die Optik Ihrer Immobilie Au\u00dfenjalousien zeichnen sich durch besonders dicke und kr\u00e4ftige Lamellen aus. Das stabile Material ist wichtig, da Au\u00dfenjalousien st\u00e4rkeren Kr\u00e4ften durch wetterbedingte Einfl\u00fcsse ausgesetzt sind. Normalerweise sind Au\u00dfenjalousien seil- und schienengef\u00fchrt. Die Au\u00dfenjalousien werden normalerweise an der Fassade angebracht. F\u00fcr die Montage bieten sich Blenden und Oberschienen an. Die [&hellip;]<\/p>\n","protected":false},"author":1,"featured_media":0,"parent":0,"menu_order":0,"comment_status":"closed","ping_status":"closed","template":"","meta":{"footnotes":""},"class_list":["post-4135","page","type-page","status-publish","hentry"],"meta_box":{"popseo_subtitel":"Wir sind Ihr erfahrener Experte f\u00fcr Au\u00dfenjalousien im Raum Bergedorf Wentorf","popseo_subtitel2":"Au\u00dfenjalousien - hohe Qualit\u00e4t, perfekte Beratung","popseo_lasttitel":"Au\u00dfenjalousien: D\u00fcrfen wir Ihre Fragen beantworten?","popseo_region":"Bergedorf Wentorf","popseo_sachwort":"Au\u00dfenjalousien","popseo_noupdate":"","popseo_einleitungstext":"<p>Wenn es um Sonnenschutz und Sicherheit geht, sind Sie bei der Firma Kaduk genau an der richtigen Adresse. Seit Firmengr\u00fcndung sind wir Ihre lokalen Spezialisten f\u00fcr qualitativ hochwertige Bauelemente. Zu unserem Produktsortiment z\u00e4hlen unter anderem Terrassend\u00e4cher, Markisen, Rolltore, Au\u00dfenjalousien, Fenster, T\u00fcren, Carports und Rolll\u00e4den. Wir erledigen Montage- und Reparaturarbeiten und zeigen Ihnen Wege auf, wie Sie Ihre Immobilie mit modernen Bauelementen ausstatten k\u00f6nnen. Auf diesen Seiten haben wir einige erste Informationen f\u00fcr Sie notiert.<\/p>","popseo_schlusstext":"<p>Gerne informieren wir Sie n\u00e4her \u00fcber unsere Produkte und unser Aufgabenfeld. Wir nennen Ihnen mit Vergn\u00fcgen auch ein paar Referenzprojekte, die Ihnen einen Einblick in unsere Firment\u00e4tigkeit geben.<br \/>\nVertrauen Sie den Spezialisten der Firma Kaduk. Rufen Sie uns doch rasch einmal an oder schicken Sie uns eine schnelle E-Mail. Wir freuen uns auf Sie.<\/p>","popseo_stadttext":"<h3>Zufriedene Kunden haben wir auch in Bergedorf und Wentorf<\/h3>\n<p>Durch unsere Gesch\u00e4ftst\u00e4tigkeit haben wir uns einen guten \u00dcberblick \u00fcber die Architektur der St\u00e4dte und Gemeinden unseres Einzugsbereiches erarbeiten k\u00f6nnen. Nat\u00fcrlich z\u00e4hlen auch Bergedorf und Wentorf zu unserem unmittelbaren Wirkungskreis. Wir freuen uns darauf, mit Ihnen ins Gespr\u00e4ch zu kommen. <\/p>\n<h3>Einige Informationen \u00fcber Bergedorf und Wentorf:<h3>\n<p>Einstmals selbst\u00e4ndig geh\u00f6rt Bergedorf heute zur Freien und Hansestadt Hamburg. Der Stadtteil liegt im S\u00fcdosten der Hansestadt und grenzt an die schleswig-holsteinischen Ortschaften Reinbek und Wentorf. In Bergedorf wohnen zirca 42.000 Einwohner auf einer Gesamtfl\u00e4che von 11 Quadratkilometern. Auch wenn Bergedorf bereits seit dem 01. Januar 1938 keine Selbst\u00e4ndigkeit mehr besitzt, hat sich der Stadtteil dennoch eine gewisse Individualit\u00e4t bewahrt. Beinahe ist man geneigt zu sagen, Bergedorf w\u00e4re eine Art Stadt in der Stadt. Zum Stadtbezirk Bergedorf z\u00e4hlen zusammen 14 Stadtteile. Die gr\u00f6\u00dften Ortsteile sind: Allerm\u00f6he, Billwerder, Lohbr\u00fcgge, Moorfleet, Neuallerm\u00f6he, Curslack, Altengamme, Kirchwerder, Ochsenwerder und Neuengamme. Nichtselten hinzu gez\u00e4hlt wird auch Wentorf. Dies ist jedoch nicht v\u00f6llig richtig, da Wentorf zum schleswig-holsteinischen Landkreis Herzogtum Lauenburg geh\u00f6rt.  <\/p>\n<p>In Bergedorf zu wohnen bedeutet, die Vorteile der Stadt zu genie\u00dfen ohne im selben Moment auf kleinst\u00e4dtischen Charme zu verzichten. Die Wohngebiete von Bergedorf sind gepr\u00e4gt von Einzel- oder Mehrfamilienhausbebauung. Gr\u00f6\u00dfere Wohneinheiten findet man in Bergedorf insbesondere in der N\u00e4he des Zentrums. Die Infrastruktur ist \u00fcberzeugend: Im Zentrum von Bergedorf finden sich sehr gute Einkaufsm\u00f6glichkeiten. <\/p>\n<h3>Bergedorf und Wentorf haben Charme!<\/h3>\n<p>Ob in den Passagen oder in der Fu\u00dfg\u00e4ngerzone: In Bergedorf l\u00e4sst es sich tats\u00e4chlich wunderbar bummeln. Und wer sp\u00e4ter Lust und Laune auf etwas Entspannung hat, macht Pause in einem der zahllosen gem\u00fctlichen Restaurants und Caf\u00e9s. Bergedorf ist an den Hamburger Verkehrsverbund angeschlossen. Mit der S-Bahnlinie S2 erreicht man den Hamburg Hauptbahnhof in etwa 25 Minuten. Auch mit dem Wagen kommt man rasch nach Bergedorf: \u00dcber die Bundesstra\u00dfen 5 und 207 gelangt man unmittelbar ins Stadtgebiet. Die Bev\u00f6lkerung von Bergedorf genie\u00dft besonders den ausgewogenen Mix ihres Stadtteils. Eine wachsende Wirtschaft, die nahen Naturgebiete sowie die gro\u00dfz\u00fcgigen Kultur- und Freizeitangebote machen Bergedorf zu einem Quartier mit extrem  hoher Lebensqualit\u00e4t.<\/p>\n<p>Auch Wentorf grenzt direkt an Bergedorf, die \u00dcberg\u00e4nge sind fast flie\u00dfend. Als typisches Wohnquartier ist Wentorf insbesondere bei Berufspendlern beliebt. Eine gute Infrastruktur, die N\u00e4he zur Metropole und eine gute Anbindung zeichnen Wentorf aus. <\/p>\n<h4>Privat- und Gesch\u00e4ftskunden aus Bergedorf und Wentorf sch\u00e4tzen unsere Leistungen!<\/h4>\n<p>Wir finden es prima, dass Sie unsere Internetseite gefunden haben. Ob Wentorf oder Bergedorf: Unser Fachunternehmen steht f\u00fcr ein sehr gutes Preis-Leistungs-Verh\u00e4ltnis. Sie m\u00f6chten mehr \u00fcber uns wissen? F\u00fcr R\u00fcckfragen stehen wir Ihnen jederzeit zur Verf\u00fcgung. Unser engagiertes Team freut sich auf Sie.<\/p>","popseo_zusatztext":"<h3>G\u00fcnstig und preiswert \u2013 unser Leistung f\u00fcr Sie<\/h3>\n<p>Bauelemente m\u00fcssen gehobenen Erwartungen standhalten. Nichtsdestrotrotz darf es g\u00fcnstig und preiswert sein. Das muss absolut kein Widerspruch sein. <\/p>\n<p>Als Fachbetrieb f\u00fcr Sonnenschutz- und Sicherheitssysteme verwenden wir nur qualitativ hochwertige Erzeugnisse. Nichtsdestotrotz schauen wir grunds\u00e4tzlich auf ein angemessenes Preis-Leistungsverh\u00e4ltnis. Wir m\u00f6chten Ihnen Qualit\u00e4t bieten, die zugleich auch g\u00fcnstig und preiswert ist. Geben Sie Ihrem Heim g\u00fcnstig und preiswert das gewisse Plus an Qualit\u00e4t. Markisen und Rolll\u00e4den oder andere Sonnenschutzl\u00f6sungen sehen nicht nur h\u00fcbsch aus, sie leisten auch einen bedeutsamen Beitrag zur W\u00e4rmed\u00e4mmung.  <\/p>\n<h3>G\u00fcnstig und preiswert ohne Abstriche bei der Qualit\u00e4t<\/h3>\n<p>D\u00fcrfen wir Sie informieren, wie Sie g\u00fcnstig und preiswert einen perfekten Sonnenschutz f\u00fcr Ihr Heim verwirklichen? Toll, dann warten Sie bitte nicht und nehmen am besten sofort heute noch Kontakt mit uns auf. Ein kurzer Telefonanruf oder eine kurze E-Mail gen\u00fcgen. Gern beraten Sie unsere gut ausgebildeten Experten \u00fcber die diversen M\u00f6glichkeiten, wie Sie Ihr Heim g\u00fcnstig und preiswert mit Rolll\u00e4den und Markisen oder anderen Sonnenschutzprodukten versehen. Wir freuen uns auf den Austausch mit Ihnen. <\/p>\n<h4>Top-Qualit\u00e4t g\u00fcnstig und preiswert<\/h4>\n<p>Z\u00e4hlen Sie beim Thema Sonnenschutz und Sicherheit auf den Experten. Nur ein Fachbetrieb kennt die diversen M\u00f6glichkeiten, wie Sie g\u00fcnstig und preiswert, trotzdem qualitativ hochwertig einen optimalen Sonnenschutz verwirklichen. Qualit\u00e4tsbewusst, g\u00fcnstig und preiswert: Wir empfehlen uns als spezialisiertes Unternehmen im Norden. Unsere gro\u00dfe Erfahrung zeichnet uns aus.<\/p>","popseo_links":"<a href=\"https:\/\/www.kaduk-bauelemente.de\/leistungen\/terrassenueberdachungen-aus-holz-buechen\/\">Terrassen\u00fcberdachungen aus Holz B\u00fcchen<\/a>, <a href=\"https:\/\/www.kaduk-bauelemente.de\/leistungen\/markisen-reppenstedt\/\">Markisen Reppenstedt<\/a>, <a href=\"https:\/\/www.kaduk-bauelemente.de\/leistungen\/kunststofffenster-reppenstedt\/\">Kunststofffenster Reppenstedt<\/a>, <a href=\"https:\/\/www.kaduk-bauelemente.de\/leistungen\/zaunbau-jesteburg\/\">Zaunbau Jesteburg<\/a>, <a href=\"https:\/\/www.kaduk-bauelemente.de\/leistungen\/fenster-buchholz\/\">Fenster Buchholz<\/a>, <a href=\"https:\/\/www.kaduk-bauelemente.de\/leistungen\/carports-seevetal-rosengarten\/\">Carports Seevetal Rosengarten<\/a>, <a href=\"https:\/\/www.kaduk-bauelemente.de\/leistungen\/garagentore-stelle\/\">Garagentore Stelle<\/a>, <a href=\"https:\/\/www.kaduk-bauelemente.de\/leistungen\/zaunbau-reinbek-glinde\/\">Zaunbau Reinbek Glinde<\/a>, <a href=\"https:\/\/www.kaduk-bauelemente.de\/leistungen\/rollladen-ebstorf\/\">Rollladen Ebstorf<\/a>, <a href=\"https:\/\/www.kaduk-bauelemente.de\/leistungen\/garagentore-salzhausen\/\">Garagentore Salzhausen<\/a>, <a href=\"https:\/\/www.kaduk-bauelemente.de\/leistungen\/carports-stelle\/\">Carports Stelle<\/a>, <a href=\"https:\/\/www.kaduk-bauelemente.de\/leistungen\/rolllaeden-harburg\/\">Rolll\u00e4den Harburg<\/a>, <a href=\"https:\/\/www.kaduk-bauelemente.de\/leistungen\/sektionaltore-uelzen\/\">Sektionaltore Uelzen<\/a>, <a href=\"https:\/\/www.kaduk-bauelemente.de\/leistungen\/garagen-ebstorf\/\">Garagen Ebstorf<\/a>, <a href=\"https:\/\/www.kaduk-bauelemente.de\/leistungen\/rolllaeden-lueneburg\/\">Rolll\u00e4den L\u00fcneburg<\/a>, <a href=\"https:\/\/www.kaduk-bauelemente.de\/leistungen\/garagentore-uelzen\/\">Garagentore Uelzen<\/a>, <a href=\"https:\/\/www.kaduk-bauelemente.de\/leistungen\/rolllaeden-stelle\/\">Rolll\u00e4den Stelle<\/a>, <a href=\"https:\/\/www.kaduk-bauelemente.de\/leistungen\/insektenschutz-herzogtum-lauenburg\/\">Insektenschutz Herzogtum Lauenburg<\/a>, <a href=\"https:\/\/www.kaduk-bauelemente.de\/leistungen\/fliegengitter-tostedt-sittensen\/\">Fliegengitter Tostedt Sittensen<\/a>, <a href=\"https:\/\/www.kaduk-bauelemente.de\/leistungen\/rollladen-bad-bevensen\/\">Rollladen Bad Bevensen<\/a>, <a href=\"https:\/\/www.kaduk-bauelemente.de\/leistungen\/haustueren-adendorf\/\">Haust\u00fcren Adendorf<\/a>, <a href=\"https:\/\/www.kaduk-bauelemente.de\/leistungen\/garagentore-geesthacht\/\">Garagentore Geesthacht<\/a>, <a href=\"https:\/\/www.kaduk-bauelemente.de\/leistungen\/terrassendaecher-aus-aluminium-bispingen\/\">Terrassend\u00e4cher aus Aluminium Bispingen<\/a>, <a href=\"https:\/\/www.kaduk-bauelemente.de\/leistungen\/terrassendaecher-aus-holz-amelinghausen\/\">Terrassend\u00e4cher aus Holz Amelinghausen<\/a>, <a href=\"https:\/\/www.kaduk-bauelemente.de\/leistungen\/fliegengitter-uelzen\/\">Fliegengitter Uelzen<\/a>, <a href=\"https:\/\/www.kaduk-bauelemente.de\/leistungen\/rollladen-adendorf\/\">Rollladen Adendorf<\/a>"},"_links":{"self":[{"href":"https:\/\/www.kaduk-bauelemente.de\/leistungen\/wp-json\/wp\/v2\/pages\/4135","targetHints":{"allow":["GET"]}}],"collection":[{"href":"https:\/\/www.kaduk-bauelemente.de\/leistungen\/wp-json\/wp\/v2\/pages"}],"about":[{"href":"https:\/\/www.kaduk-bauelemente.de\/leistungen\/wp-json\/wp\/v2\/types\/page"}],"author":[{"embeddable":true,"href":"https:\/\/www.kaduk-bauelemente.de\/leistungen\/wp-json\/wp\/v2\/users\/1"}],"replies":[{"embeddable":true,"href":"https:\/\/www.kaduk-bauelemente.de\/leistungen\/wp-json\/wp\/v2\/comments?post=4135"}],"version-history":[{"count":0,"href":"https:\/\/www.kaduk-bauelemente.de\/leistungen\/wp-json\/wp\/v2\/pages\/4135\/revisions"}],"wp:attachment":[{"href":"https:\/\/www.kaduk-bauelemente.de\/leistungen\/wp-json\/wp\/v2\/media?parent=4135"}],"curies":[{"name":"wp","href":"https:\/\/api.w.org\/{rel}","templated":true}]}}