{"id":4133,"date":"2021-08-25T12:18:44","date_gmt":"2021-08-25T10:18:44","guid":{"rendered":"https:\/\/www.kaduk-bauelemente.de\/leistungen\/aussenjalousien-bad-bevensen\/"},"modified":"2021-08-25T12:18:44","modified_gmt":"2021-08-25T10:18:44","slug":"aussenjalousien-bad-bevensen","status":"publish","type":"page","link":"https:\/\/www.kaduk-bauelemente.de\/leistungen\/aussenjalousien-bad-bevensen\/","title":{"rendered":"Au\u00dfenjalousien &#8211; Bad Bevensen"},"content":{"rendered":"<h3>Au\u00dfenjalousien setzen immer einen angenehmen Akzent<\/h3>\n<p>Au\u00dfenjalousien zeichnen sich durch sehr dicke und belastbare Lamellen aus. Das hochwertige Material ist von N\u00f6ten, da Au\u00dfenjalousien durchaus erstaunlichen Bedingungen durch Witterungseinfl\u00fcsse ausgesetzt sind. In der Regel sind Au\u00dfenjalousien seil- und schienengef\u00fchrt. Die Au\u00dfenjalousien werden f\u00fcr gew\u00f6hnlich an der Hausfassade angebracht. F\u00fcr die Montage bieten sich Blenden und Schienen an. Die Blenden haben den Nutzen, dass die Lamellen komplett eingefahren werden k\u00f6nnen. Mit exquisiten und fachm\u00e4nnisch verbauten Au\u00dfenjalousien kann ein hervorragender W\u00e4rmeschutz sichergestellt werden. Durch die Installation an der Au\u00dfenseite wird die Einstrahlung der Sonne bereits fr\u00fchzeitig verringert und kann nur zu einem geringen Teil ins Hausinnere gelangen. Gardinen oder Sichtschutzrollos sind verglichen mit Au\u00dfenjalousien erkennbar weniger effektiv. Je nach Ma\u00df und Form des Fensters sind etliche Arten von Au\u00dfenjalousien im Fachhandel erh\u00e4ltlich. Gerne informieren wir Sie \u00fcber die vielen M\u00f6glichkeiten, die sich Ihnen bieten. <\/p>\n<h3>Wir informieren Sie \u00fcber Au\u00dfenjalousien<\/h3>\n<p>Au\u00dfenjalousien erm\u00f6glichen einen sehr guten Blend- und Lichtschutz. Ganz unabh\u00e4ngig von Jahres- oder Tageszeit: Die auch unter dem Terminus Raffstores bekannten Au\u00dfenjalousien geben Ihnen die sch\u00f6ne M\u00f6glichkeit, fortan die f\u00fcr Sie geeignete Helligkeit einzustellen. Auch wirken sich Jalousien ausgesprochen positiv auf den W\u00e4rmehaushalt aus: Durch Au\u00dfenjalousien l\u00e4sst sich die Verwendung der Klimaanlage durchaus erkennbar reduzieren, ohne dass in der Folge auf wohlige Temperatur verzichtet werden muss.<\/p>\n","protected":false},"excerpt":{"rendered":"<p>Au\u00dfenjalousien setzen immer einen angenehmen Akzent Au\u00dfenjalousien zeichnen sich durch sehr dicke und belastbare Lamellen aus. Das hochwertige Material ist von N\u00f6ten, da Au\u00dfenjalousien durchaus erstaunlichen Bedingungen durch Witterungseinfl\u00fcsse ausgesetzt sind. In der Regel sind Au\u00dfenjalousien seil- und schienengef\u00fchrt. Die Au\u00dfenjalousien werden f\u00fcr gew\u00f6hnlich an der Hausfassade angebracht. F\u00fcr die Montage bieten sich Blenden und [&hellip;]<\/p>\n","protected":false},"author":1,"featured_media":0,"parent":0,"menu_order":0,"comment_status":"closed","ping_status":"closed","template":"","meta":{"footnotes":""},"class_list":["post-4133","page","type-page","status-publish","hentry"],"meta_box":{"popseo_subtitel":"Wir sind Ihr Fachanbieter f\u00fcr Au\u00dfenjalousien im Raum Bad Bevensen","popseo_subtitel2":"Au\u00dfenjalousien - setzen Sie auf unsere Expertise","popseo_lasttitel":"Au\u00dfenjalousien: Unsere Mitarbeiter beantworten gerne Ihre Fragen","popseo_region":"Bad Bevensen","popseo_sachwort":"Au\u00dfenjalousien","popseo_noupdate":"","popseo_einleitungstext":"<p>Wenn es um Sonnenschutz und Sicherheit geht, sind Sie bei der Firma Dirk Kaduk Bauelemte genau an der richtigen Adresse. Seit unserer Gr\u00fcndung sind wir Ihre lokalen Spezialisten f\u00fcr hochwertige Bauelemente. Zu unserem Produktangebot z\u00e4hlen zum Beispiel Markisen, Terrassend\u00e4cher, Rolltore, Au\u00dfenjalousien, Fenster, T\u00fcren, Carports und Rolll\u00e4den. Wir erledigen Reparatur- und Montagearbeiten und zeigen Ihnen, wie Sie Ihre Immobilie mit zeitgem\u00e4\u00dfen Bauelementen ausstatten k\u00f6nnen. Im Folgenden haben wir einige erste Informationen f\u00fcr Sie zusammengetragen.<\/p>","popseo_schlusstext":"<p>Wenn Sie einen qualifizierten Fachbetrieb f\u00fcr hochwertige Sonnenschutz- und Sicherheitsprodukte ben\u00f6tigen, sind Sie bei uns an der richtigen Adresse. Sie m\u00f6chten mehr \u00fcber uns erfahren? Als auf Bauelemente spezialisierte Fachfirma sind wir f\u00fcr Ihr Vorhaben der richtige Partner und freuen uns \u00fcber Ihre Kontaktaufnahme, egal ob per Telefonanruf oder E-Mail. Worauf Sie neben Fachwissen setzen d\u00fcrfen: Das Expertenteam der Firma Kaduk arbeitet mit Motivation und Elan f\u00fcr Ihrer Erfolg. Wir freuen uns auf Sie!<\/p>","popseo_stadttext":"<h3>Unser Produktsortiment f\u00fcr Kunden aus Bad Bevensen<\/h3>\n<p>Durch unsere Gesch\u00e4ftst\u00e4tigkeit haben wir uns einen ausgezeichneten \u00dcberblick \u00fcber die Architektur der St\u00e4dte und Gemeinden unseres Einzugsbereiches erarbeiten k\u00f6nnen. Selbstverst\u00e4ndlich geh\u00f6rt auch Bad Bevensen zu unserem unmittelbaren Wirkungskreis. Sie kommen aus der Region und sind hier im World Wide Web auf unsere Website gesto\u00dfen? Das finden wir klasse. Gerne pr\u00e4sentieren wir Ihnen unser gesamtes Leistungsspektrum und beantworten Ihre Fragen. Wir freuen uns darauf, mit Ihnen in Kontakt zu treten. <\/p>\n<h3>Interessante Fakten zu Bad Bevensen<\/h3>\n<p>Bad Bevensen hat rund 9.000 Einwohner und streckt sich \u00fcber ein Areal von etwa 48 Quadratkilometer. Hinsichtlich der Verkehrssituation ist die Kleinstadt gut zu erreichen: In direkter Umgebung des Gemeindegebietes befindet sich eine Anschlussstelle zur Autobahn B4. Dar\u00fcber hinaus erreicht man Bad Bevensen \u00fcber die L252 und mit der Eisenbahn auf der Streckenverbindung Hamburg-Hannover.<\/p>\n<p>Bad Bevensee befindet sich in der L\u00fcneburger Heide und geh\u00f6rt juristisch zum Landkreis Uelzen. Die Gemeinde ist Verwaltungssitz der Samtgemeinde Bevensen-Ebstorf, einer Vereinigung von 13 kleineren Orten. Die Samtgemeinde z\u00e4hlt in Summe etwa 26.000 B\u00fcrger und streckt sich \u00fcber eine Fl\u00e4che von zirka 479 km\u00b2.<\/p>\n<p>Bad Bevensen ist ganz sicher ein beneidenswerter Platz zum Leben. Die charmante Kleinstadt verf\u00fcgt \u00fcber eine gute Infrastruktur und sehr gut ausgebaute Wohngebiete.    <\/p>\n<h4>Privat- und Gesch\u00e4ftskunden aus Bad Bevensen sch\u00e4tzen unsere Leistungen!<\/h4>\n<p>Sie wohnen in Bad Bevensen oder einem anderen Ort der Samtgemeinde und interessieren sich f\u00fcr unser Leistungsangebot. Prima, dass Sie diese Seite gefunden haben. F\u00fcr R\u00fcckfragen sind wir jederzeit f\u00fcr Sie da. Unser engagiertes Team freut sich auf Sie.<\/p>","popseo_zusatztext":"<h3>In Sachen Sicht- und Sonnenschutz sind wir Ihr qualifizierter Fachbetrieb<\/h3>\n<p>Setzen Sie in Sachen Sicherheit und Sonnenschutz auf alle F\u00e4lle auf die sachspezifische Leistung vom Fachbetrieb. Nur ein Fachbetrieb wei\u00df von den M\u00f6glichkeiten, wie man zu einem hervorragenden Ergebnis kommt. Um sich mit Fug und Recht als Fachbetrieb zu titulieren, bedarf es einer qualifizierten Ausbildung der Mitarbeiter und einer jahrelangen Berufserfahrung.  <\/p>\n<p>Unser Unternehmen empfiehlt sich als Ihr erfahrener Fachbetrieb f\u00fcr Sonnenschutz und Sicherheit. Erreichen Sie Ihr Ziel und schenken Sie unserem Fachbetrieb Ihr Vertrauen. Wir bieten Ihnen beispielsweise hochqualitative Markisen und Rolll\u00e4den und legen allergr\u00f6\u00dften Wert auf einen 1a- Service. Schon seit vielen Jahren sind wir erfahrener Fachbetrieb f\u00fcr Terrassend\u00e4cher, Au\u00dfenjalousien, Rolll\u00e4den im Raum L\u00fcneburg. Es ist unser Bestreben, dass Sie lange Jahre viel Freude an Ihrem Sicht und Sonnenschutz haben. Von einem Fachbetrieb d\u00fcrfen Sie zu Recht eine fehlerfreie Top-Leistung erwarten.<\/p>\n<h3>Dirk Kaduk Bauelemente \u2013 Ihr Fachbetrieb f\u00fcr Sicherheit und Sonnenschutz<\/h3>\n<p>Als Fachbetrieb darf sich ein Unternehmen bezeichnen, deren Angestellte \u00fcber nachweisbare Qualifikationen verf\u00fcgen. Dies ist beispielsweise eine entsprechende Berufsausbildung oder ein Meisterbrief. Auch zeichnet eine langj\u00e4hrige praktische Erfahrung einen Fachbetrieb aus. Bereits seit vielen Jahren konzentrieren wir uns als spezialisiertes Unternehmen auf Sicherheit und Sonnenschutz von Immobilien. In diesen vielen Jahren haben wir uns das Attribut Fachbetrieb bestimmt erarbeitet. Wir nutzen nur hervorragende Artikel. Dabei achten wir immer auf ein faires Preis-Leistungsverh\u00e4ltnis. Unser Credo als Fachbetrieb: Wir bieten Ihnen 1a-Leistung zu einem sehr guten Preis.<\/p>","popseo_links":"<a href=\"https:\/\/www.kaduk-bauelemente.de\/leistungen\/rollladen-herzogtum-lauenburg\/\">Rollladen Herzogtum Lauenburg<\/a>, <a href=\"https:\/\/www.kaduk-bauelemente.de\/leistungen\/garagen-ebstorf\/\">Garagen Ebstorf<\/a>, <a href=\"https:\/\/www.kaduk-bauelemente.de\/leistungen\/rolllaeden-bienenbuettel\/\">Rolll\u00e4den Bienenb\u00fcttel<\/a>, <a href=\"https:\/\/www.kaduk-bauelemente.de\/leistungen\/markisen-winsen-luhe\/\">Markisen Winsen Luhe<\/a>, <a href=\"https:\/\/www.kaduk-bauelemente.de\/leistungen\/zaeune-herzogtum-lauenburg\/\">Z\u00e4une Herzogtum Lauenburg<\/a>, <a href=\"https:\/\/www.kaduk-bauelemente.de\/leistungen\/kunststofffenster-bad-bevensen\/\">Kunststofffenster Bad Bevensen<\/a>, <a href=\"https:\/\/www.kaduk-bauelemente.de\/leistungen\/rollladen-reinbek-glinde\/\">Rollladen Reinbek Glinde<\/a>, <a href=\"https:\/\/www.kaduk-bauelemente.de\/leistungen\/rolllaeden-jesteburg\/\">Rolll\u00e4den Jesteburg<\/a>, <a href=\"https:\/\/www.kaduk-bauelemente.de\/leistungen\/kunststofffenster-buchholz\/\">Kunststofffenster Buchholz<\/a>, <a href=\"https:\/\/www.kaduk-bauelemente.de\/leistungen\/terrassendaecher-aus-aluminium-tostedt-sittensen\/\">Terrassend\u00e4cher aus Aluminium Tostedt Sittensen<\/a>, <a href=\"https:\/\/www.kaduk-bauelemente.de\/leistungen\/rollladen-salzhausen\/\">Rollladen Salzhausen<\/a>, <a href=\"https:\/\/www.kaduk-bauelemente.de\/leistungen\/rolllaeden-stelle\/\">Rolll\u00e4den Stelle<\/a>, <a href=\"https:\/\/www.kaduk-bauelemente.de\/leistungen\/rollladen-bardowick\/\">Rollladen Bardowick<\/a>, <a href=\"https:\/\/www.kaduk-bauelemente.de\/leistungen\/terrassendaecher-aus-holz-lueneburg\/\">Terrassend\u00e4cher aus Holz L\u00fcneburg<\/a>, <a href=\"https:\/\/www.kaduk-bauelemente.de\/leistungen\/holzfenster-jesteburg\/\">Holzfenster Jesteburg<\/a>, <a href=\"https:\/\/www.kaduk-bauelemente.de\/leistungen\/zaunbau-schwarzenbek\/\">Zaunbau Schwarzenbek<\/a>, <a href=\"https:\/\/www.kaduk-bauelemente.de\/leistungen\/garagen-amelinghausen\/\">Garagen Amelinghausen<\/a>, <a href=\"https:\/\/www.kaduk-bauelemente.de\/leistungen\/kunststofffenster-reppenstedt\/\">Kunststofffenster Reppenstedt<\/a>, <a href=\"https:\/\/www.kaduk-bauelemente.de\/leistungen\/garagentore-jesteburg\/\">Garagentore Jesteburg<\/a>, <a href=\"https:\/\/www.kaduk-bauelemente.de\/leistungen\/terrassenueberdachungen-aus-aluminium-winsen-luhe\/\">Terrassen\u00fcberdachungen aus Aluminium Winsen Luhe<\/a>, <a href=\"https:\/\/www.kaduk-bauelemente.de\/leistungen\/markisen-jesteburg\/\">Markisen Jesteburg<\/a>, <a href=\"https:\/\/www.kaduk-bauelemente.de\/leistungen\/rollladen-ebstorf\/\">Rollladen Ebstorf<\/a>, <a href=\"https:\/\/www.kaduk-bauelemente.de\/leistungen\/rollladen-tostedt-sittensen\/\">Rollladen Tostedt Sittensen<\/a>, <a href=\"https:\/\/www.kaduk-bauelemente.de\/leistungen\/rollladen-bergedorf-wentorf\/\">Rollladen Bergedorf Wentorf<\/a>, <a href=\"https:\/\/www.kaduk-bauelemente.de\/leistungen\/terrassendaecher-aus-aluminium-geesthacht\/\">Terrassend\u00e4cher aus Aluminium Geesthacht<\/a>, <a href=\"https:\/\/www.kaduk-bauelemente.de\/leistungen\/rolltore-buchholz\/\">Rolltore Buchholz<\/a>"},"_links":{"self":[{"href":"https:\/\/www.kaduk-bauelemente.de\/leistungen\/wp-json\/wp\/v2\/pages\/4133","targetHints":{"allow":["GET"]}}],"collection":[{"href":"https:\/\/www.kaduk-bauelemente.de\/leistungen\/wp-json\/wp\/v2\/pages"}],"about":[{"href":"https:\/\/www.kaduk-bauelemente.de\/leistungen\/wp-json\/wp\/v2\/types\/page"}],"author":[{"embeddable":true,"href":"https:\/\/www.kaduk-bauelemente.de\/leistungen\/wp-json\/wp\/v2\/users\/1"}],"replies":[{"embeddable":true,"href":"https:\/\/www.kaduk-bauelemente.de\/leistungen\/wp-json\/wp\/v2\/comments?post=4133"}],"version-history":[{"count":0,"href":"https:\/\/www.kaduk-bauelemente.de\/leistungen\/wp-json\/wp\/v2\/pages\/4133\/revisions"}],"wp:attachment":[{"href":"https:\/\/www.kaduk-bauelemente.de\/leistungen\/wp-json\/wp\/v2\/media?parent=4133"}],"curies":[{"name":"wp","href":"https:\/\/api.w.org\/{rel}","templated":true}]}}